{"id":86,"date":"2024-02-06T21:11:10","date_gmt":"2024-02-06T21:11:10","guid":{"rendered":"https:\/\/recryo.bio\/?page_id=86"},"modified":"2024-02-12T12:21:48","modified_gmt":"2024-02-12T12:21:48","slug":"kainodara","status":"publish","type":"page","link":"https:\/\/recryo.bio\/lt\/kainodara\/","title":{"rendered":"Kainodara"},"content":{"rendered":"<div class=\"wpb-content-wrapper\"><p>[vc_row row_height_percent=&#8221;0&#8243; override_padding=&#8221;yes&#8221; h_padding=&#8221;2&#8243; top_padding=&#8221;3&#8243; bottom_padding=&#8221;3&#8243; overlay_alpha=&#8221;50&#8243; gutter_size=&#8221;3&#8243; column_width_percent=&#8221;100&#8243; shift_y=&#8221;0&#8243; z_index=&#8221;0&#8243; uncode_shortcode_id=&#8221;117988&#8243;][vc_column width=&#8221;1\/1&#8243;][vc_row_inner][vc_column_inner column_width_percent=&#8221;100&#8243; gutter_size=&#8221;1&#8243; overlay_alpha=&#8221;50&#8243; shift_x=&#8221;0&#8243; shift_y=&#8221;0&#8243; shift_y_down=&#8221;0&#8243; z_index=&#8221;0&#8243; medium_width=&#8221;0&#8243; mobile_width=&#8221;0&#8243; width=&#8221;1\/2&#8243; uncode_shortcode_id=&#8221;539986&#8243;][vc_custom_heading text_color=&#8221;color-796984&#8243; text_size=&#8221;fontsize-128447&#8243; text_weight=&#8221;700&#8243; uncode_shortcode_id=&#8221;737543&#8243; text_color_type=&#8221;uncode-palette&#8221;]350 000\u20ac[\/vc_custom_heading][vc_column_text uncode_shortcode_id=&#8221;182435&#8243;]Viso k\u016bno kriokonservavimas[\/vc_column_text][vc_empty_space empty_h=&#8221;1&#8243;][vc_separator sep_color=&#8221;&#8221; uncode_shortcode_id=&#8221;175187&#8243;][vc_empty_space empty_h=&#8221;1&#8243;][vc_custom_heading text_color=&#8221;color-796984&#8243; text_size=&#8221;fontsize-128447&#8243; text_weight=&#8221;700&#8243; uncode_shortcode_id=&#8221;195641&#8243; text_color_type=&#8221;uncode-palette&#8221;]90 000\u20ac[\/vc_custom_heading][vc_column_text uncode_shortcode_id=&#8221;190391&#8243;]Smegen\u0173 kriokonservavimas[\/vc_column_text][vc_empty_space empty_h=&#8221;1&#8243;][vc_separator sep_color=&#8221;&#8221; uncode_shortcode_id=&#8221;175187&#8243;][vc_empty_space empty_h=&#8221;1&#8243;][vc_custom_heading text_color=&#8221;color-796984&#8243; text_size=&#8221;fontsize-128447&#8243; text_weight=&#8221;700&#8243; uncode_shortcode_id=&#8221;353846&#8243; text_color_type=&#8221;uncode-palette&#8221;]120 000\u20ac[\/vc_custom_heading][vc_column_text uncode_shortcode_id=&#8221;421587&#8243;]Gyv\u016bno kriokonservavimas*[\/vc_column_text][vc_column_text text_lead=&#8221;small&#8221; uncode_shortcode_id=&#8221;478526&#8243;]*kaina tikslinama atsi\u017evelgiant \u012f gyv\u016bno veisl\u0119 ir dyd\u012f.[\/vc_column_text][\/vc_column_inner][vc_column_inner width=&#8221;1\/2&#8243;][vc_custom_heading uncode_shortcode_id=&#8221;692812&#8243;]\u012e kriokonservavimo kain\u0105 \u012feina visas ReCryo paslaug\u0173 paketas[\/vc_custom_heading][vc_column_text uncode_shortcode_id=&#8221;750162&#8243;]<\/p>\n<ul>\n<li>Asmeninis vadybininkas, kuris r\u016bpinasi asmens dabartine sveikatos b\u016bkle, teikia rekomendacijas d\u0117l gyvenimo b\u016bdo, mitybos \u012fpro\u010di\u0173, reguliariai tikrina sveikatos rodiklius ir koreguoja rekomendacijas atsi\u017evelgdami \u012f juos siekiant kiek \u012fmanoma labiau prailginti \u017emogaus gyvenimo trukm\u0119. Esant poreikiui tarpininkauja kontaktuojant su geriausiais pasaulio specialistais sveikatos prie\u017ei\u016bros srityje. Taip pat asmeninis vadybininkas nuolatos r\u016bpinasi ar\u010diausiai kliento esan\u010di\u0173 gydymo \u012fstaig\u0173 instrukta\u017eu (ne tik ar\u010diausiai gyvenamosios vietos, ta\u010diau ir kelion\u0117s metu).<\/li>\n<li>\u012evykus mirties atvejui ReCryo komanda nedelsiant suteikia instrukta\u017e\u0105 ar\u010diausiai esantiems medikams ir vyksta pas klient\u0105 prad\u0117ti kriokonservavimo proced\u016bros.<\/li>\n<li>K\u016bno\/smegen\u0173 gabenimas \u012f ReCryo b\u016bstin\u0119 \u0160veicarijoje.<\/li>\n<li>Ilgalaikis k\u016bno\/smegen\u0173 kriokonservavimas ReCryo b\u016bstin\u0117je iki mokslas i\u0161ras galimyb\u0119 atgaivinti k\u016bn\u0105\/nuskaityti smegen\u0173 informacij\u0105.<\/li>\n<\/ul>\n<p>[\/vc_column_text][\/vc_column_inner][\/vc_row_inner][\/vc_column][\/vc_row][vc_row row_height_percent=&#8221;0&#8243; override_padding=&#8221;yes&#8221; h_padding=&#8221;2&#8243; top_padding=&#8221;3&#8243; bottom_padding=&#8221;3&#8243; back_color=&#8221;color-lxmt&#8221; overlay_alpha=&#8221;50&#8243; gutter_size=&#8221;3&#8243; column_width_percent=&#8221;100&#8243; shift_y=&#8221;0&#8243; z_index=&#8221;0&#8243; uncode_shortcode_id=&#8221;946712&#8243; back_color_type=&#8221;uncode-palette&#8221;][vc_column width=&#8221;1\/1&#8243;][vc_column_text text_lead=&#8221;small&#8221; uncode_shortcode_id=&#8221;133884&#8243;]<em>Sudarant kriokonservavimo sutart\u012f su ReCryo yra sumokamas 30% avansas ir asmeninio vadybininko paslauga yra aktyvuojama nedelsiant. \u012evykus mirties atvejui lik\u0119s mok\u0117jimas turi b\u016bti sumokamas per 30 kalendorini\u0173 dien\u0173 nuo oficialaus mirties atvejo.<\/em><br \/>\n<em>Klientams, kurie nori sudaryti kriokonservavimo sutart\u012f, ta\u010diau neturi toki\u0173 finansini\u0173 galimybi\u0173, gal\u0117sime pasi\u016blyti m\u016bs\u0173 partneri\u0173 gyvyb\u0117s draudim\u0105*, kuris apmok\u0117t\u0173 ReCryo kriokonservavimo ka\u0161tus \u012fvykus mirties atvejui.<\/em><\/p>\n<p><em>*ReCryo negarantuoja, kad partneri\u0173 draudimo kompanija sutiks drausti asmen\u012f gyvyb\u0117s draudimu. \u0160i\u0105 paslaug\u0105 teikia draudimo kompanija ir kiekvien\u0105 atvej\u012f vertina individualiai, o ReCryo yra tik tarpininkas \u0161ioje grandyje. Jei susidom\u0117jote galimyb\u0117mis sudaryti sutart\u012f su ReCryo \u2013 <a href=\"#kontaktai\">kvie\u010diame susisiekti su mumis.<\/a><\/em>[\/vc_column_text][\/vc_column][\/vc_row]<\/p>\n<\/div>","protected":false},"excerpt":{"rendered":"<p>[vc_row row_height_percent=&#8221;0&#8243; override_padding=&#8221;yes&#8221; h_padding=&#8221;2&#8243; top_padding=&#8221;3&#8243; bottom_padding=&#8221;3&#8243; overlay_alpha=&#8221;50&#8243; gutter_size=&#8221;3&#8243; column_width_percent=&#8221;100&#8243; shift_y=&#8221;0&#8243; z_index=&#8221;0&#8243; uncode_shortcode_id=&#8221;117988&#8243;][vc_column width=&#8221;1\/1&#8243;][vc_row_inner][vc_column_inner column_width_percent=&#8221;100&#8243; gutter_size=&#8221;1&#8243; overlay_alpha=&#8221;50&#8243; shift_x=&#8221;0&#8243; shift_y=&#8221;0&#8243; shift_y_down=&#8221;0&#8243; z_index=&#8221;0&#8243; [&hellip;]<\/p>\n","protected":false},"author":1,"featured_media":0,"parent":0,"menu_order":0,"comment_status":"closed","ping_status":"closed","template":"","meta":{"footnotes":""},"yoast_head":"<!-- This site is optimized with the Yoast SEO plugin v22.0 - https:\/\/yoast.com\/wordpress\/plugins\/seo\/ -->\n<title>Kainodara - ReCryo<\/title>\n<meta name=\"robots\" content=\"noindex, follow, max-snippet:-1, max-image-preview:large, max-video-preview:-1\" \/>\n<meta property=\"og:locale\" content=\"lt_LT\" \/>\n<meta property=\"og:type\" content=\"article\" \/>\n<meta property=\"og:title\" content=\"Kainodara - ReCryo\" \/>\n<meta property=\"og:description\" content=\"[vc_row row_height_percent=&#8221;0&#8243; override_padding=&#8221;yes&#8221; h_padding=&#8221;2&#8243; top_padding=&#8221;3&#8243; bottom_padding=&#8221;3&#8243; overlay_alpha=&#8221;50&#8243; gutter_size=&#8221;3&#8243; column_width_percent=&#8221;100&#8243; shift_y=&#8221;0&#8243; z_index=&#8221;0&#8243; uncode_shortcode_id=&#8221;117988&#8243;][vc_column width=&#8221;1\/1&#8243;][vc_row_inner][vc_column_inner column_width_percent=&#8221;100&#8243; gutter_size=&#8221;1&#8243; overlay_alpha=&#8221;50&#8243; shift_x=&#8221;0&#8243; shift_y=&#8221;0&#8243; shift_y_down=&#8221;0&#8243; z_index=&#8221;0&#8243; [&hellip;]\" \/>\n<meta property=\"og:url\" content=\"https:\/\/recryo.bio\/kainodara\/\" \/>\n<meta property=\"og:site_name\" content=\"ReCryo\" \/>\n<meta property=\"article:modified_time\" content=\"2024-02-12T12:21:48+00:00\" \/>\n<meta name=\"twitter:card\" content=\"summary_large_image\" \/>\n<meta name=\"twitter:label1\" content=\"Est. reading time\" \/>\n\t<meta name=\"twitter:data1\" content=\"2 minut\u0117s\" \/>\n<script type=\"application\/ld+json\" class=\"yoast-schema-graph\">{\"@context\":\"https:\/\/schema.org\",\"@graph\":[{\"@type\":\"WebPage\",\"@id\":\"https:\/\/recryo.bio\/kainodara\/\",\"url\":\"https:\/\/recryo.bio\/kainodara\/\",\"name\":\"Kainodara - ReCryo\",\"isPartOf\":{\"@id\":\"https:\/\/recryo.bio\/#website\"},\"datePublished\":\"2024-02-06T21:11:10+00:00\",\"dateModified\":\"2024-02-12T12:21:48+00:00\",\"breadcrumb\":{\"@id\":\"https:\/\/recryo.bio\/kainodara\/#breadcrumb\"},\"inLanguage\":\"lt-LT\",\"potentialAction\":[{\"@type\":\"ReadAction\",\"target\":[\"https:\/\/recryo.bio\/kainodara\/\"]}]},{\"@type\":\"BreadcrumbList\",\"@id\":\"https:\/\/recryo.bio\/kainodara\/#breadcrumb\",\"itemListElement\":[{\"@type\":\"ListItem\",\"position\":1,\"name\":\"Home\",\"item\":\"https:\/\/recryo.bio\/\"},{\"@type\":\"ListItem\",\"position\":2,\"name\":\"Kainodara\"}]},{\"@type\":\"WebSite\",\"@id\":\"https:\/\/recryo.bio\/#website\",\"url\":\"https:\/\/recryo.bio\/\",\"name\":\"ReCryo\",\"description\":\"ReCryo \u2013 mylintiems gyvenim\u0105!\",\"publisher\":{\"@id\":\"https:\/\/recryo.bio\/#organization\"},\"potentialAction\":[{\"@type\":\"SearchAction\",\"target\":{\"@type\":\"EntryPoint\",\"urlTemplate\":\"https:\/\/recryo.bio\/?s={search_term_string}\"},\"query-input\":\"required name=search_term_string\"}],\"inLanguage\":\"lt-LT\"},{\"@type\":\"Organization\",\"@id\":\"https:\/\/recryo.bio\/#organization\",\"name\":\"ReCryo\",\"url\":\"https:\/\/recryo.bio\/\",\"logo\":{\"@type\":\"ImageObject\",\"inLanguage\":\"lt-LT\",\"@id\":\"https:\/\/recryo.bio\/#\/schema\/logo\/image\/\",\"url\":\"https:\/\/recryo.bio\/wp-content\/uploads\/2024\/02\/recryo_dark.svg\",\"contentUrl\":\"https:\/\/recryo.bio\/wp-content\/uploads\/2024\/02\/recryo_dark.svg\",\"width\":1,\"height\":1,\"caption\":\"ReCryo\"},\"image\":{\"@id\":\"https:\/\/recryo.bio\/#\/schema\/logo\/image\/\"}}]}<\/script>\n<!-- \/ Yoast SEO plugin. -->","yoast_head_json":{"title":"Kainodara - ReCryo","robots":{"index":"noindex","follow":"follow","max-snippet":"max-snippet:-1","max-image-preview":"max-image-preview:large","max-video-preview":"max-video-preview:-1"},"og_locale":"lt_LT","og_type":"article","og_title":"Kainodara - ReCryo","og_description":"[vc_row row_height_percent=&#8221;0&#8243; override_padding=&#8221;yes&#8221; h_padding=&#8221;2&#8243; top_padding=&#8221;3&#8243; bottom_padding=&#8221;3&#8243; overlay_alpha=&#8221;50&#8243; gutter_size=&#8221;3&#8243; column_width_percent=&#8221;100&#8243; shift_y=&#8221;0&#8243; z_index=&#8221;0&#8243; uncode_shortcode_id=&#8221;117988&#8243;][vc_column width=&#8221;1\/1&#8243;][vc_row_inner][vc_column_inner column_width_percent=&#8221;100&#8243; gutter_size=&#8221;1&#8243; overlay_alpha=&#8221;50&#8243; shift_x=&#8221;0&#8243; shift_y=&#8221;0&#8243; shift_y_down=&#8221;0&#8243; z_index=&#8221;0&#8243; [&hellip;]","og_url":"https:\/\/recryo.bio\/kainodara\/","og_site_name":"ReCryo","article_modified_time":"2024-02-12T12:21:48+00:00","twitter_card":"summary_large_image","twitter_misc":{"Est. reading time":"2 minut\u0117s"},"schema":{"@context":"https:\/\/schema.org","@graph":[{"@type":"WebPage","@id":"https:\/\/recryo.bio\/kainodara\/","url":"https:\/\/recryo.bio\/kainodara\/","name":"Kainodara - ReCryo","isPartOf":{"@id":"https:\/\/recryo.bio\/#website"},"datePublished":"2024-02-06T21:11:10+00:00","dateModified":"2024-02-12T12:21:48+00:00","breadcrumb":{"@id":"https:\/\/recryo.bio\/kainodara\/#breadcrumb"},"inLanguage":"lt-LT","potentialAction":[{"@type":"ReadAction","target":["https:\/\/recryo.bio\/kainodara\/"]}]},{"@type":"BreadcrumbList","@id":"https:\/\/recryo.bio\/kainodara\/#breadcrumb","itemListElement":[{"@type":"ListItem","position":1,"name":"Home","item":"https:\/\/recryo.bio\/"},{"@type":"ListItem","position":2,"name":"Kainodara"}]},{"@type":"WebSite","@id":"https:\/\/recryo.bio\/#website","url":"https:\/\/recryo.bio\/","name":"ReCryo","description":"ReCryo \u2013 mylintiems gyvenim\u0105!","publisher":{"@id":"https:\/\/recryo.bio\/#organization"},"potentialAction":[{"@type":"SearchAction","target":{"@type":"EntryPoint","urlTemplate":"https:\/\/recryo.bio\/?s={search_term_string}"},"query-input":"required name=search_term_string"}],"inLanguage":"lt-LT"},{"@type":"Organization","@id":"https:\/\/recryo.bio\/#organization","name":"ReCryo","url":"https:\/\/recryo.bio\/","logo":{"@type":"ImageObject","inLanguage":"lt-LT","@id":"https:\/\/recryo.bio\/#\/schema\/logo\/image\/","url":"https:\/\/recryo.bio\/wp-content\/uploads\/2024\/02\/recryo_dark.svg","contentUrl":"https:\/\/recryo.bio\/wp-content\/uploads\/2024\/02\/recryo_dark.svg","width":1,"height":1,"caption":"ReCryo"},"image":{"@id":"https:\/\/recryo.bio\/#\/schema\/logo\/image\/"}}]}},"_links":{"self":[{"href":"https:\/\/recryo.bio\/lt\/wp-json\/wp\/v2\/pages\/86"}],"collection":[{"href":"https:\/\/recryo.bio\/lt\/wp-json\/wp\/v2\/pages"}],"about":[{"href":"https:\/\/recryo.bio\/lt\/wp-json\/wp\/v2\/types\/page"}],"author":[{"embeddable":true,"href":"https:\/\/recryo.bio\/lt\/wp-json\/wp\/v2\/users\/1"}],"replies":[{"embeddable":true,"href":"https:\/\/recryo.bio\/lt\/wp-json\/wp\/v2\/comments?post=86"}],"version-history":[{"count":28,"href":"https:\/\/recryo.bio\/lt\/wp-json\/wp\/v2\/pages\/86\/revisions"}],"predecessor-version":[{"id":227,"href":"https:\/\/recryo.bio\/lt\/wp-json\/wp\/v2\/pages\/86\/revisions\/227"}],"wp:attachment":[{"href":"https:\/\/recryo.bio\/lt\/wp-json\/wp\/v2\/media?parent=86"}],"curies":[{"name":"wp","href":"https:\/\/api.w.org\/{rel}","templated":true}]}}