{"id":5,"date":"2024-02-06T15:19:31","date_gmt":"2024-02-06T15:19:31","guid":{"rendered":"https:\/\/recryo.bio\/?page_id=5"},"modified":"2024-02-12T09:43:36","modified_gmt":"2024-02-12T09:43:36","slug":"home","status":"publish","type":"page","link":"https:\/\/recryo.bio\/lt\/","title":{"rendered":"Home"},"content":{"rendered":"<div class=\"wpb-content-wrapper\"><p>[vc_row row_height_percent=&#8221;0&#8243; override_padding=&#8221;yes&#8221; h_padding=&#8221;2&#8243; top_padding=&#8221;4&#8243; bottom_padding=&#8221;4&#8243; back_color=&#8221;color-796984&#8243; overlay_alpha=&#8221;50&#8243; gutter_size=&#8221;3&#8243; column_width_percent=&#8221;100&#8243; shift_y=&#8221;0&#8243; z_index=&#8221;0&#8243; uncode_shortcode_id=&#8221;204584&#8243; back_color_type=&#8221;uncode-palette&#8221;][vc_column width=&#8221;1\/1&#8243;][vc_row_inner][vc_column_inner column_width_percent=&#8221;100&#8243; gutter_size=&#8221;2&#8243; style=&#8221;dark&#8221; overlay_alpha=&#8221;50&#8243; shift_x=&#8221;0&#8243; shift_y=&#8221;0&#8243; shift_y_down=&#8221;0&#8243; z_index=&#8221;0&#8243; medium_width=&#8221;0&#8243; mobile_width=&#8221;0&#8243; css_animation=&#8221;left-t-right&#8221; width=&#8221;1\/2&#8243; uncode_shortcode_id=&#8221;967799&#8243;][vc_custom_heading text_color=&#8221;color-xsdn&#8221; text_size=&#8221;h1&#8243; uncode_shortcode_id=&#8221;138831&#8243; text_color_type=&#8221;uncode-palette&#8221;]ReCryo misija[\/vc_custom_heading][vc_column_text uncode_shortcode_id=&#8221;169490&#8243;]Suteikti \u017emon\u0117ms galimyb\u0119 patirti antr\u0105j\u012f gyvenimo d\u017eiaugsm\u0105 tuomet, kai mokslas i\u0161ras galimyb\u0119 atgaivinti \u017emones, kurie, tik\u0117dami mokslu, buvo u\u017e\u0161aldyti krionikos proced\u016bros b\u016bdu.[\/vc_column_text][\/vc_column_inner][vc_column_inner column_width_percent=&#8221;100&#8243; gutter_size=&#8221;2&#8243; style=&#8221;dark&#8221; overlay_alpha=&#8221;50&#8243; shift_x=&#8221;0&#8243; shift_y=&#8221;0&#8243; shift_y_down=&#8221;0&#8243; z_index=&#8221;0&#8243; medium_width=&#8221;0&#8243; mobile_width=&#8221;0&#8243; css_animation=&#8221;right-t-left&#8221; animation_delay=&#8221;300&#8243; width=&#8221;1\/2&#8243; uncode_shortcode_id=&#8221;118210&#8243;][vc_custom_heading text_color=&#8221;color-xsdn&#8221; text_size=&#8221;h1&#8243; uncode_shortcode_id=&#8221;635726&#8243; text_color_type=&#8221;uncode-palette&#8221;]ReCryo vizija[\/vc_custom_heading][vc_column_text uncode_shortcode_id=&#8221;127946&#8243;]\u012egalinti visas esamas dabartines mokslo ir finansines galimybes tam, kad kuo grei\u010diau gal\u0117tume i\u0161spr\u0119sti vien\u0105 did\u017eiausi\u0173 \u017emogaus baimi\u0173 \u2013 mirt\u012f.[\/vc_column_text][\/vc_column_inner][\/vc_row_inner][\/vc_column][\/vc_row][vc_row row_height_percent=&#8221;0&#8243; override_padding=&#8221;yes&#8221; h_padding=&#8221;2&#8243; top_padding=&#8221;3&#8243; bottom_padding=&#8221;3&#8243; overlay_alpha=&#8221;50&#8243; gutter_size=&#8221;3&#8243; column_width_percent=&#8221;100&#8243; shift_y=&#8221;0&#8243; z_index=&#8221;0&#8243; uncode_shortcode_id=&#8221;113880&#8243;][vc_column width=&#8221;1\/1&#8243;][vc_row_inner row_inner_height_percent=&#8221;0&#8243; overlay_alpha=&#8221;50&#8243; equal_height=&#8221;yes&#8221; gutter_size=&#8221;3&#8243; shift_y=&#8221;0&#8243; z_index=&#8221;0&#8243; uncode_shortcode_id=&#8221;160949&#8243;][vc_column_inner column_width_percent=&#8221;100&#8243; position_vertical=&#8221;middle&#8221; gutter_size=&#8221;3&#8243; overlay_alpha=&#8221;50&#8243; shift_x=&#8221;0&#8243; shift_y=&#8221;0&#8243; shift_y_down=&#8221;0&#8243; z_index=&#8221;0&#8243; medium_width=&#8221;0&#8243; mobile_width=&#8221;0&#8243; width=&#8221;1\/2&#8243; uncode_shortcode_id=&#8221;195604&#8243;][vc_custom_heading text_color=&#8221;color-jevc&#8221; text_size=&#8221;h1&#8243; uncode_shortcode_id=&#8221;143120&#8243; text_color_type=&#8221;uncode-palette&#8221;]Apie mus[\/vc_custom_heading][vc_column_text uncode_shortcode_id=&#8221;169482&#8243;]ReCryo organizacija \u012fkurta 2024 met\u0173 Sausio m\u0117nes\u012f, kurios pagrindinis tikslas \u2013 suteikti \u017emon\u0117ms prieinamas galimybes b\u016bti u\u017e\u0161aldytiems po mirties, i\u0161saugant visas organizmui funkcionuoti b\u016btinas lasteles, kad ateityje, mokslui atradus galimyb\u0119 atgaivinti mirus\u012f \u017emog\u0173 arba nuskaityti jo smegen\u0173 informacij\u0105, b\u016bt\u0173 galima atgaivinti \u017emog\u0173 ir suteikti jam antr\u0105j\u012f gyvenim\u0105 i\u0161gydant ir prie\u017eastys, kurios l\u0117m\u0117 jo mirt\u012f.<\/p>\n<p>ReCryo sub\u016br\u0117 talentingus mokslininkus ir medikus tam, kad jau 2027 metais b\u016bt\u0173 atidarytas krionikos centras \u0160veicarijoje, galintis sutalpinti pirmuosius 200 ReCryo klient\u0173, tikin\u010di\u0173, kad \u0161iuolaikinio mokslo galimyb\u0117s yra berib\u0117s ir jiems ateityje bus suteiktas antrasis gyvenimas.<br \/>\n[\/vc_column_text][vc_button button_color=&#8221;color-186845&#8243; radius=&#8221;btn-circle&#8221; border_width=&#8221;0&#8243; link=&#8221;url:https%3A%2F%2Frecryo.bio%2Fapie-mus%2F|title:Apie%20mus&#8221; button_color_type=&#8221;uncode-palette&#8221; uncode_shortcode_id=&#8221;106268&#8243;]Pla\u010diau[\/vc_button][\/vc_column_inner][vc_column_inner column_width_percent=&#8221;100&#8243; position_vertical=&#8221;middle&#8221; gutter_size=&#8221;3&#8243; overlay_alpha=&#8221;50&#8243; shift_x=&#8221;0&#8243; shift_y=&#8221;0&#8243; shift_y_down=&#8221;0&#8243; z_index=&#8221;0&#8243; medium_width=&#8221;0&#8243; mobile_width=&#8221;0&#8243; width=&#8221;1\/2&#8243; uncode_shortcode_id=&#8221;105037&#8243;][vc_single_image media=&#8221;41&#8243; media_width_percent=&#8221;100&#8243; media_ratio=&#8221;one-one&#8221; shape=&#8221;img-round&#8221; radius=&#8221;xl&#8221; uncode_shortcode_id=&#8221;795817&#8243;][\/vc_column_inner][\/vc_row_inner][\/vc_column][\/vc_row][vc_row row_height_percent=&#8221;0&#8243; overlay_alpha=&#8221;50&#8243; gutter_size=&#8221;3&#8243; column_width_percent=&#8221;100&#8243; shift_y=&#8221;0&#8243; z_index=&#8221;0&#8243; desktop_visibility=&#8221;yes&#8221; medium_visibility=&#8221;yes&#8221; mobile_visibility=&#8221;yes&#8221; uncode_shortcode_id=&#8221;167696&#8243;][vc_column column_width_percent=&#8221;100&#8243; gutter_size=&#8221;3&#8243; overlay_alpha=&#8221;50&#8243; shift_x=&#8221;0&#8243; shift_y=&#8221;0&#8243; shift_y_down=&#8221;0&#8243; z_index=&#8221;0&#8243; medium_width=&#8221;0&#8243; mobile_width=&#8221;0&#8243; css_animation=&#8221;top-t-bottom&#8221; width=&#8221;1\/1&#8243; uncode_shortcode_id=&#8221;690400&#8243;][vc_custom_heading text_color=&#8221;color-jevc&#8221; text_size=&#8221;h1&#8243; uncode_shortcode_id=&#8221;947711&#8243; text_color_type=&#8221;uncode-palette&#8221;]Naujienos[\/vc_custom_heading][uncode_index el_id=&#8221;index-140900&#8243; loop=&#8221;size:10|order_by:date|post_type:post|taxonomy_count:10&#8243; screen_lg=&#8221;1000&#8243; screen_md=&#8221;600&#8243; screen_sm=&#8221;480&#8243; gutter_size=&#8221;3&#8243; post_items=&#8221;media|featured|onpost|original,title,date,text|full|150&#8243; images_size=&#8221;one-one&#8221; single_shape=&#8221;round&#8221; radius=&#8221;xl&#8221; single_overlay_opacity=&#8221;50&#8243; single_padding=&#8221;2&#8243; single_title_family=&#8221;font-167800&#8243; single_title_dimension=&#8221;h3&#8243; uncode_shortcode_id=&#8221;809143&#8243;][\/vc_column][\/vc_row][vc_row row_height_percent=&#8221;0&#8243; overlay_alpha=&#8221;50&#8243; gutter_size=&#8221;3&#8243; column_width_percent=&#8221;100&#8243; shift_y=&#8221;0&#8243; z_index=&#8221;0&#8243; uncode_shortcode_id=&#8221;111746&#8243; row_name=&#8221;duk&#8221;][vc_column column_width_percent=&#8221;100&#8243; gutter_size=&#8221;3&#8243; overlay_alpha=&#8221;50&#8243; shift_x=&#8221;0&#8243; shift_y=&#8221;0&#8243; shift_y_down=&#8221;0&#8243; z_index=&#8221;0&#8243; medium_width=&#8221;0&#8243; mobile_width=&#8221;0&#8243; css_animation=&#8221;top-t-bottom&#8221; width=&#8221;1\/1&#8243; uncode_shortcode_id=&#8221;137124&#8243;][vc_custom_heading text_color=&#8221;color-jevc&#8221; text_size=&#8221;h1&#8243; uncode_shortcode_id=&#8221;197191&#8243; text_color_type=&#8221;uncode-palette&#8221;]D.U.K[\/vc_custom_heading][vc_accordion typography=&#8221;yes&#8221; gutter_simple=&#8221;0&#8243; uncode_shortcode_id=&#8221;145980&#8243; active_tab=&#8221;0&#8243;][vc_accordion_tab gutter_size=&#8221;2&#8243; column_padding=&#8221;2&#8243; title=&#8221;Kas yra kriokonservavimas?&#8221; tab_id=&#8221;1707248325-1-35&#8243;][vc_column_text uncode_shortcode_id=&#8221;130193&#8243;]Kriokonservavimas yra medicinin\u0117 proced\u016bra, skirta u\u017e\u0161aldyti oficialiai mirusio \u017emogaus k\u016bn\u0105 su tikslu ateityje j\u012f prikelti ir suteikti \u017emogui antr\u0105j\u012f gyvenim\u0105.[\/vc_column_text][\/vc_accordion_tab][vc_accordion_tab gutter_size=&#8221;2&#8243; column_padding=&#8221;2&#8243; title=&#8221;Kiek \u017emoni\u0173 \u0161iuo metu yra kriokonservuoti?&#8221; tab_id=&#8221;1707248325-2-70&#8243;][vc_column_text uncode_shortcode_id=&#8221;203649&#8243;]\u0160iuo metu pasaulyje yra apie 500 kriokonservuot\u0173 pacien\u0173 bei dar apie 5000 asmen\u0173, sudariusi\u0173 kriokonservavimo sutartis po j\u0173 mirties. [\/vc_column_text][\/vc_accordion_tab][vc_accordion_tab gutter_size=&#8221;2&#8243; column_padding=&#8221;2&#8243; title=&#8221;Kiek laiko a\u0161 b\u016bsiu kriokonservuotas?&#8221; tab_id=&#8221;1707248372806-2-5&#8243;][vc_column_text uncode_shortcode_id=&#8221;100887&#8243;]ReCryo klientai kriokonservuojami yra iki pat j\u0173 atgaivinimo momento. Kriokonservavimo technologija naudojant skyst\u0105j\u012f azot\u0105 leid\u017eia saugoti kriokonservuotus pacientus fakti\u0161kai be joki\u0173 papildom\u0173 ka\u0161t\u0173.[\/vc_column_text][\/vc_accordion_tab][vc_accordion_tab gutter_size=&#8221;2&#8243; column_padding=&#8221;2&#8243; title=&#8221;Kiek laiko mokslas u\u017etruks kol mane atgaivins?&#8221; tab_id=&#8221;1707248394039-3-10&#8243;][vc_column_text uncode_shortcode_id=&#8221;111661&#8243;]\u0160iuo metu n\u0117ra konkre\u010dios datos, kuri b\u016bt\u0173 laikoma momentu, kuomet kriokonservuoti pacientai bus atgaivinti antr\u0105jam gyvenimui, ta\u010diau tikima, jog jei mokslo pa\u017eanga i\u0161liks tokia, kokia yra pastaruoju metu, pirmieji kriokonservuoti pacientai bus atgaivinti jau po 150 met\u0173.[\/vc_column_text][\/vc_accordion_tab][\/vc_accordion][vc_button button_color=&#8221;color-186845&#8243; radius=&#8221;btn-circle&#8221; border_width=&#8221;0&#8243; link=&#8221;url:https%3A%2F%2Frecryo.bio%2Fd-u-k%2F|title:Apie%20mus&#8221; button_color_type=&#8221;uncode-palette&#8221; uncode_shortcode_id=&#8221;187909&#8243;]Daugiau[\/vc_button][\/vc_column][\/vc_row][vc_row][vc_column column_width_percent=&#8221;100&#8243; gutter_size=&#8221;3&#8243; overlay_alpha=&#8221;50&#8243; shift_x=&#8221;0&#8243; shift_y=&#8221;0&#8243; shift_y_down=&#8221;0&#8243; z_index=&#8221;0&#8243; medium_width=&#8221;0&#8243; mobile_width=&#8221;0&#8243; css_animation=&#8221;top-t-bottom&#8221; width=&#8221;1\/1&#8243; uncode_shortcode_id=&#8221;927865&#8243;][vc_custom_heading text_color=&#8221;color-jevc&#8221; text_size=&#8221;h1&#8243; uncode_shortcode_id=&#8221;108218&#8243; text_color_type=&#8221;uncode-palette&#8221;]Komanda[\/vc_custom_heading][vc_row_inner][vc_column_inner column_width_percent=&#8221;100&#8243; gutter_size=&#8221;1&#8243; overlay_alpha=&#8221;50&#8243; shift_x=&#8221;0&#8243; shift_y=&#8221;0&#8243; shift_y_down=&#8221;0&#8243; z_index=&#8221;0&#8243; medium_width=&#8221;0&#8243; mobile_width=&#8221;0&#8243; width=&#8221;1\/3&#8243; uncode_shortcode_id=&#8221;141594&#8243;][vc_single_image media=&#8221;124&#8243; media_width_percent=&#8221;100&#8243; media_ratio=&#8221;one-one&#8221; shape=&#8221;img-round&#8221; radius=&#8221;xl&#8221; uncode_shortcode_id=&#8221;997143&#8243;][vc_empty_space empty_h=&#8221;1&#8243;][vc_custom_heading text_color=&#8221;color-jevc&#8221; text_size=&#8221;h4&#8243; uncode_shortcode_id=&#8221;709078&#8243; text_color_type=&#8221;uncode-palette&#8221;]Tomas Peleckas[\/vc_custom_heading][vc_custom_heading text_color=&#8221;color-186845&#8243; text_size=&#8221;h6&#8243; uncode_shortcode_id=&#8221;201070&#8243; text_color_type=&#8221;uncode-palette&#8221;]\u012ek\u016br\u0117jas ir CEO[\/vc_custom_heading][\/vc_column_inner][vc_column_inner width=&#8221;2\/3&#8243;][vc_column_text uncode_shortcode_id=&#8221;170074&#8243;]<\/p>\n<blockquote><p>Tomas yra \u012fsitikin\u0119s, jog \u0161iandieninis pasaulis jau yra paj\u0117gus ir pasiruo\u0161\u0119s i\u0161spr\u0119sti mirties problem\u0105. \u201eVos prie\u0161 \u0161imt\u0105 met\u0173 \u017emonij\u0105 kankino mirtinos ligos, kurios \u0161iandien jau neb\u0117ra baisios, nes mokslas jas i\u0161sprend\u0117. Mokslas sugeb\u0117jo reik\u0161mingai prailginti sveiko gyvenimo trukm\u0119. Mokslas padar\u0117 dalykus, kurie vos prie\u0161 keliasde\u0161imt met\u0173 atrod\u0117 ne\u012fmanoma mokslin\u0117 fantastika ir utopija. Neabejoju, jog mokslas sugeb\u0117s i\u0161spr\u0119sti \u017emoni\u0173 mirties prie\u017east\u012f ir atgaivinti \u017emog\u0173 taip, jog jis gal\u0117t\u0173 t\u0119sti savo gyvenim\u0105. Ir tai yra ReCryo misija. A\u0161 labai noriu tai pamatyti, tod\u0117l neabejotinai b\u016bsiu tarp t\u0173, kurie po mirties bus u\u017e\u0161aldyti\u201c.<\/p>\n<p>Tomas savo vadybinius geb\u0117jimus skiria tam, jog suburt\u0173 talentingiausius mokslininkus ir medikus tam, kad ReCryo klientams b\u016bt\u0173 pritaikyta krionikos proced\u016bra, kurios d\u0117ka visi klientai ateityje bus atgaivinti ir gal\u0117s at\u0161vesti savo antruosius gimtadienius visi kartu.<\/p><\/blockquote>\n<p>[\/vc_column_text][\/vc_column_inner][\/vc_row_inner][vc_row_inner][vc_column_inner column_width_percent=&#8221;100&#8243; gutter_size=&#8221;1&#8243; overlay_alpha=&#8221;50&#8243; shift_x=&#8221;0&#8243; shift_y=&#8221;0&#8243; shift_y_down=&#8221;0&#8243; z_index=&#8221;0&#8243; medium_width=&#8221;0&#8243; mobile_width=&#8221;0&#8243; width=&#8221;1\/3&#8243; uncode_shortcode_id=&#8221;141594&#8243;][vc_single_image media=&#8221;130&#8243; media_width_percent=&#8221;100&#8243; media_ratio=&#8221;one-one&#8221; shape=&#8221;img-round&#8221; radius=&#8221;xl&#8221; uncode_shortcode_id=&#8221;101458&#8243;][vc_empty_space empty_h=&#8221;1&#8243;][vc_custom_heading text_color=&#8221;color-jevc&#8221; text_size=&#8221;h4&#8243; uncode_shortcode_id=&#8221;917204&#8243; text_color_type=&#8221;uncode-palette&#8221;]Rokas Peleckas[\/vc_custom_heading][vc_custom_heading text_color=&#8221;color-186845&#8243; text_size=&#8221;h6&#8243; uncode_shortcode_id=&#8221;171593&#8243; text_color_type=&#8221;uncode-palette&#8221;]Co-Founder[\/vc_custom_heading][\/vc_column_inner][vc_column_inner width=&#8221;2\/3&#8243;][vc_column_text uncode_shortcode_id=&#8221;206696&#8243;]<\/p>\n<blockquote><p>Roko \u012fvairialyp\u0117 akademin\u0117 patirtis gyvyb\u0117s moksl\u0173 srityje ir nuolatinis dom\u0117jimasis medicinos naujov\u0117mis, vis\u0105 gyvenim\u0105 skatino galvoti apie ateit\u012f kei\u010dian\u010dias medicinos technologijas ir pasaul\u012f kei\u010dian\u010dius i\u0161radimus.<\/p>\n<p>&#8222;Dar taip neseniai vis\u0105 pasaul\u012f sukaus\u010diusi pasaulin\u0117 Covid-19 pandemija \u0161iandien yra istorija tik d\u0117ka medicinos mokslo ir mRNR vakcin\u0173 technologijos, prie kurios gamybos ir pl\u0117tros pavyko prisid\u0117ti asmeni\u0161kai. Tai tik dar vienas mokslo j\u0117gos pavyzdys, pad\u0117j\u0119s i\u0161spr\u0119sti vien\u0105 i\u0161 did\u017eiausi\u0173 pastar\u0173j\u0173 met\u0173 \u017emonijos problem\u0173.<\/p>\n<p>Tikiu, jog \u201eReCryo\u201c yra pasaul\u012f kei\u010diantis projektas su labai ai\u0161kia bei paprastai-nepaprasta misija: panaudojant pa\u017eangiausias medicinos technologijas i\u0161 naujo apibr\u0117\u017eti \u017emogaus gyvenimo trukm\u0119, ilgaam\u017ei\u0161kum\u0105 ir gerov\u0119.&#8221;<\/p><\/blockquote>\n<p>[\/vc_column_text][\/vc_column_inner][\/vc_row_inner][\/vc_column][\/vc_row]<\/p>\n<\/div>","protected":false},"excerpt":{"rendered":"<p>[vc_row row_height_percent=&#8221;0&#8243; override_padding=&#8221;yes&#8221; h_padding=&#8221;2&#8243; top_padding=&#8221;4&#8243; bottom_padding=&#8221;4&#8243; back_color=&#8221;color-796984&#8243; overlay_alpha=&#8221;50&#8243; gutter_size=&#8221;3&#8243; column_width_percent=&#8221;100&#8243; shift_y=&#8221;0&#8243; z_index=&#8221;0&#8243; uncode_shortcode_id=&#8221;204584&#8243; back_color_type=&#8221;uncode-palette&#8221;][vc_column width=&#8221;1\/1&#8243;][vc_row_inner][vc_column_inner column_width_percent=&#8221;100&#8243; gutter_size=&#8221;2&#8243; style=&#8221;dark&#8221; overlay_alpha=&#8221;50&#8243; shift_x=&#8221;0&#8243; [&hellip;]<\/p>\n","protected":false},"author":1,"featured_media":15,"parent":0,"menu_order":0,"comment_status":"closed","ping_status":"closed","template":"","meta":{"footnotes":""},"yoast_head":"<!-- This site is optimized with the Yoast SEO plugin v22.0 - https:\/\/yoast.com\/wordpress\/plugins\/seo\/ -->\n<title>ReCryo \u2013 mylintiems gyvenim\u0105!<\/title>\n<meta name=\"description\" content=\"Krionikos projektas, kurio tikslas \u2013 u\u017etikrinti \u017emon\u0117ms galimyb\u0119 po mirties b\u016bti u\u017e\u0161aldytiems kriokonservavimo b\u016bdu\" \/>\n<meta name=\"robots\" content=\"noindex, follow, max-snippet:-1, max-image-preview:large, max-video-preview:-1\" \/>\n<meta property=\"og:locale\" content=\"lt_LT\" \/>\n<meta property=\"og:type\" content=\"article\" \/>\n<meta property=\"og:title\" content=\"ReCryo \u2013 mylintiems gyvenim\u0105!\" \/>\n<meta property=\"og:description\" content=\"Krionikos projektas, kurio tikslas \u2013 u\u017etikrinti \u017emon\u0117ms galimyb\u0119 po mirties b\u016bti u\u017e\u0161aldytiems kriokonservavimo b\u016bdu\" \/>\n<meta property=\"og:url\" content=\"https:\/\/recryo.bio\/\" \/>\n<meta property=\"og:site_name\" content=\"ReCryo\" \/>\n<meta property=\"article:modified_time\" content=\"2024-02-12T09:43:36+00:00\" \/>\n<meta property=\"og:image\" content=\"https:\/\/recryo.bio\/wp-content\/uploads\/2024\/02\/deborah-diem-ds_NPvoAzro-unsplash.jpg\" \/>\n\t<meta property=\"og:image:width\" content=\"1599\" \/>\n\t<meta property=\"og:image:height\" content=\"1152\" \/>\n\t<meta property=\"og:image:type\" content=\"image\/jpeg\" \/>\n<meta name=\"twitter:card\" content=\"summary_large_image\" \/>\n<meta name=\"twitter:title\" content=\"ReCryo \u2013 mylintiems gyvenim\u0105!\" \/>\n<meta name=\"twitter:description\" content=\"Krionikos projektas, kurio tikslas \u2013 u\u017etikrinti \u017emon\u0117ms galimyb\u0119 po mirties b\u016bti u\u017e\u0161aldytiems kriokonservavimo b\u016bdu\" \/>\n<meta name=\"twitter:image\" content=\"https:\/\/recryo.bio\/wp-content\/uploads\/2024\/02\/deborah-diem-ds_NPvoAzro-unsplash.jpg\" \/>\n<meta name=\"twitter:label1\" content=\"Est. reading time\" \/>\n\t<meta name=\"twitter:data1\" content=\"3 minut\u0117s\" \/>\n<script type=\"application\/ld+json\" class=\"yoast-schema-graph\">{\"@context\":\"https:\/\/schema.org\",\"@graph\":[{\"@type\":\"WebPage\",\"@id\":\"https:\/\/recryo.bio\/\",\"url\":\"https:\/\/recryo.bio\/\",\"name\":\"ReCryo \u2013 mylintiems gyvenim\u0105!\",\"isPartOf\":{\"@id\":\"https:\/\/recryo.bio\/#website\"},\"datePublished\":\"2024-02-06T15:19:31+00:00\",\"dateModified\":\"2024-02-12T09:43:36+00:00\",\"description\":\"Krionikos projektas, kurio tikslas \u2013 u\u017etikrinti \u017emon\u0117ms galimyb\u0119 po mirties b\u016bti u\u017e\u0161aldytiems kriokonservavimo b\u016bdu\",\"breadcrumb\":{\"@id\":\"https:\/\/recryo.bio\/#breadcrumb\"},\"inLanguage\":\"lt-LT\",\"potentialAction\":[{\"@type\":\"ReadAction\",\"target\":[\"https:\/\/recryo.bio\/\"]}]},{\"@type\":\"BreadcrumbList\",\"@id\":\"https:\/\/recryo.bio\/#breadcrumb\",\"itemListElement\":[{\"@type\":\"ListItem\",\"position\":1,\"name\":\"Home\",\"item\":\"https:\/\/recryo.bio\/\"},{\"@type\":\"ListItem\",\"position\":2,\"name\":\"Home\"}]},{\"@type\":\"WebSite\",\"@id\":\"https:\/\/recryo.bio\/#website\",\"url\":\"https:\/\/recryo.bio\/\",\"name\":\"ReCryo\",\"description\":\"ReCryo \u2013 mylintiems gyvenim\u0105!\",\"publisher\":{\"@id\":\"https:\/\/recryo.bio\/#organization\"},\"potentialAction\":[{\"@type\":\"SearchAction\",\"target\":{\"@type\":\"EntryPoint\",\"urlTemplate\":\"https:\/\/recryo.bio\/?s={search_term_string}\"},\"query-input\":\"required name=search_term_string\"}],\"inLanguage\":\"lt-LT\"},{\"@type\":\"Organization\",\"@id\":\"https:\/\/recryo.bio\/#organization\",\"name\":\"ReCryo\",\"url\":\"https:\/\/recryo.bio\/\",\"logo\":{\"@type\":\"ImageObject\",\"inLanguage\":\"lt-LT\",\"@id\":\"https:\/\/recryo.bio\/#\/schema\/logo\/image\/\",\"url\":\"https:\/\/recryo.bio\/wp-content\/uploads\/2024\/02\/recryo_dark.svg\",\"contentUrl\":\"https:\/\/recryo.bio\/wp-content\/uploads\/2024\/02\/recryo_dark.svg\",\"width\":1,\"height\":1,\"caption\":\"ReCryo\"},\"image\":{\"@id\":\"https:\/\/recryo.bio\/#\/schema\/logo\/image\/\"}}]}<\/script>\n<!-- \/ Yoast SEO plugin. -->","yoast_head_json":{"title":"ReCryo \u2013 mylintiems gyvenim\u0105!","description":"Krionikos projektas, kurio tikslas \u2013 u\u017etikrinti \u017emon\u0117ms galimyb\u0119 po mirties b\u016bti u\u017e\u0161aldytiems kriokonservavimo b\u016bdu","robots":{"index":"noindex","follow":"follow","max-snippet":"max-snippet:-1","max-image-preview":"max-image-preview:large","max-video-preview":"max-video-preview:-1"},"og_locale":"lt_LT","og_type":"article","og_title":"ReCryo \u2013 mylintiems gyvenim\u0105!","og_description":"Krionikos projektas, kurio tikslas \u2013 u\u017etikrinti \u017emon\u0117ms galimyb\u0119 po mirties b\u016bti u\u017e\u0161aldytiems kriokonservavimo b\u016bdu","og_url":"https:\/\/recryo.bio\/","og_site_name":"ReCryo","article_modified_time":"2024-02-12T09:43:36+00:00","og_image":[{"width":1599,"height":1152,"url":"https:\/\/recryo.bio\/wp-content\/uploads\/2024\/02\/deborah-diem-ds_NPvoAzro-unsplash.jpg","type":"image\/jpeg"}],"twitter_card":"summary_large_image","twitter_title":"ReCryo \u2013 mylintiems gyvenim\u0105!","twitter_description":"Krionikos projektas, kurio tikslas \u2013 u\u017etikrinti \u017emon\u0117ms galimyb\u0119 po mirties b\u016bti u\u017e\u0161aldytiems kriokonservavimo b\u016bdu","twitter_image":"https:\/\/recryo.bio\/wp-content\/uploads\/2024\/02\/deborah-diem-ds_NPvoAzro-unsplash.jpg","twitter_misc":{"Est. reading time":"3 minut\u0117s"},"schema":{"@context":"https:\/\/schema.org","@graph":[{"@type":"WebPage","@id":"https:\/\/recryo.bio\/","url":"https:\/\/recryo.bio\/","name":"ReCryo \u2013 mylintiems gyvenim\u0105!","isPartOf":{"@id":"https:\/\/recryo.bio\/#website"},"datePublished":"2024-02-06T15:19:31+00:00","dateModified":"2024-02-12T09:43:36+00:00","description":"Krionikos projektas, kurio tikslas \u2013 u\u017etikrinti \u017emon\u0117ms galimyb\u0119 po mirties b\u016bti u\u017e\u0161aldytiems kriokonservavimo b\u016bdu","breadcrumb":{"@id":"https:\/\/recryo.bio\/#breadcrumb"},"inLanguage":"lt-LT","potentialAction":[{"@type":"ReadAction","target":["https:\/\/recryo.bio\/"]}]},{"@type":"BreadcrumbList","@id":"https:\/\/recryo.bio\/#breadcrumb","itemListElement":[{"@type":"ListItem","position":1,"name":"Home","item":"https:\/\/recryo.bio\/"},{"@type":"ListItem","position":2,"name":"Home"}]},{"@type":"WebSite","@id":"https:\/\/recryo.bio\/#website","url":"https:\/\/recryo.bio\/","name":"ReCryo","description":"ReCryo \u2013 mylintiems gyvenim\u0105!","publisher":{"@id":"https:\/\/recryo.bio\/#organization"},"potentialAction":[{"@type":"SearchAction","target":{"@type":"EntryPoint","urlTemplate":"https:\/\/recryo.bio\/?s={search_term_string}"},"query-input":"required name=search_term_string"}],"inLanguage":"lt-LT"},{"@type":"Organization","@id":"https:\/\/recryo.bio\/#organization","name":"ReCryo","url":"https:\/\/recryo.bio\/","logo":{"@type":"ImageObject","inLanguage":"lt-LT","@id":"https:\/\/recryo.bio\/#\/schema\/logo\/image\/","url":"https:\/\/recryo.bio\/wp-content\/uploads\/2024\/02\/recryo_dark.svg","contentUrl":"https:\/\/recryo.bio\/wp-content\/uploads\/2024\/02\/recryo_dark.svg","width":1,"height":1,"caption":"ReCryo"},"image":{"@id":"https:\/\/recryo.bio\/#\/schema\/logo\/image\/"}}]}},"_links":{"self":[{"href":"https:\/\/recryo.bio\/lt\/wp-json\/wp\/v2\/pages\/5"}],"collection":[{"href":"https:\/\/recryo.bio\/lt\/wp-json\/wp\/v2\/pages"}],"about":[{"href":"https:\/\/recryo.bio\/lt\/wp-json\/wp\/v2\/types\/page"}],"author":[{"embeddable":true,"href":"https:\/\/recryo.bio\/lt\/wp-json\/wp\/v2\/users\/1"}],"replies":[{"embeddable":true,"href":"https:\/\/recryo.bio\/lt\/wp-json\/wp\/v2\/comments?post=5"}],"version-history":[{"count":35,"href":"https:\/\/recryo.bio\/lt\/wp-json\/wp\/v2\/pages\/5\/revisions"}],"predecessor-version":[{"id":161,"href":"https:\/\/recryo.bio\/lt\/wp-json\/wp\/v2\/pages\/5\/revisions\/161"}],"wp:featuredmedia":[{"embeddable":true,"href":"https:\/\/recryo.bio\/lt\/wp-json\/wp\/v2\/media\/15"}],"wp:attachment":[{"href":"https:\/\/recryo.bio\/lt\/wp-json\/wp\/v2\/media?parent=5"}],"curies":[{"name":"wp","href":"https:\/\/api.w.org\/{rel}","templated":true}]}}