{"id":21,"date":"2024-02-06T16:10:57","date_gmt":"2024-02-06T16:10:57","guid":{"rendered":"https:\/\/recryo.bio\/?page_id=21"},"modified":"2024-02-06T21:40:34","modified_gmt":"2024-02-06T21:40:34","slug":"apie-mus","status":"publish","type":"page","link":"https:\/\/recryo.bio\/lt\/apie-mus\/","title":{"rendered":"Apie mus"},"content":{"rendered":"<div class=\"wpb-content-wrapper\"><p>[vc_row][vc_column width=&#8221;1\/1&#8243;][vc_row_inner][vc_column_inner width=&#8221;3\/4&#8243;][vc_column_text uncode_shortcode_id=&#8221;942305&#8243;]ReCryo organizacija \u012fkurta 2024 met\u0173 Sausio m\u0117nes\u012f, kurios pagrindinis tikslas \u2013 suteikti \u017emon\u0117ms prieinamas galimybes b\u016bti u\u017e\u0161aldytiems po mirties, i\u0161saugant visas organizmui funkcionuoti b\u016btinas lasteles, kad ateityje, mokslui atradus galimyb\u0119 atgaivinti mirus\u012f \u017emog\u0173 arba nuskaityti jo smegen\u0173 informacij\u0105, b\u016bt\u0173 galima atgaivinti \u017emog\u0173 ir suteikti jam antr\u0105j\u012f gyvenim\u0105 i\u0161gydant ir prie\u017eastys, kurios l\u0117m\u0117 jo mirt\u012f.<\/p>\n<p>ReCryo sub\u016br\u0117 talentingus mokslininkus ir medikus tam, kad jau 2027 metais b\u016bt\u0173 atidarytas krionikos centras \u0160veicarijoje, galintis sutalpinti pirmuosius 200 ReCryo klient\u0173, tikin\u010di\u0173, kad \u0161iuolaikinio mokslo galimyb\u0117s yra berib\u0117s ir jiems ateityje bus suteiktas antrasis gyvenimas.<\/p>\n<p>Asmenims, tapusiems ReCryo klientais, si\u016blomas platus spektras nemokam\u0173 paslaug\u0173 t.y. pasira\u0161iusiems sutart\u012f asmenims yra skiriamas asmeninis ReCryo vadybininkas, kuris, pirmiausiai, r\u016bpinasi \u017emogaus esama sveikatos b\u016bkle, gilinasi \u012f kliento gyvenimo b\u016bd\u0105, mitybos \u012fpro\u010dius ir pom\u0117gius siekdamas klientui pad\u0117ti suprasti pagrindines ilgaam\u017ei\u0161kumo taisykles. ReCryo komanda reguliariai tikrina kliento sveikatos rodiklius ir teikia rekomendacijas, susijusias su sveikatos rodikli\u0173 gerinimu. ReCryo siekia, jog j\u0173 klientai gyvent\u0173 ilg\u0105 ir sveik\u0105 gyvenim\u0105 kiek tai yra \u012fmanoma prie \u0161iandienos medicinini\u0173 galimybi\u0173 ir mokslini\u0173 \u017eini\u0173, susijusi\u0173 su sveikos gyvensenos b\u016bdu, nes ReCryo \u2013 mylintiems gyvenim\u0105.<\/p>\n<p>Lygiagre\u010diai ReCryo vadybininkai nuolatos bendrauja su ar\u010diausiai kliento gyvenamosios vietos esan\u010diomis gydymo \u012fstaigomis informuodami jas, jog j\u0173 klientas yra ir ReCryo klientas, tod\u0117l gydymo \u012fstaigos yra instruktuojamos kaip reikt\u0173 elgtis \u012fvykus mirties atvejui iki atvyks ReCryo komanda. Lygiai taip pat ReCryo pra\u0161o savo klient\u0173 nuolatos informuoti apie j\u0173 kelioni\u0173 kryptis, atostogas ar komandiruotes tuo tikslu, jog jei \u012fvykt\u0173 mirties atvejis, ReCryo jau b\u016bt\u0173 sukontaktave ir informave artimiausias gydymo \u012fstaigas tam, jog tinkamai ir laiku b\u016bt\u0173 padaryti visi veiksmai, b\u016btini iki atvyks ReCryo komanda ir prad\u0117s krionikos proces\u0105.<\/p>\n<p>ReCryo komanda supranta, jog vien tik pats kliento u\u017e\u0161aldymas n\u0117ra ir negali b\u016bti savaiminis tikslas \u2013 tai tik priemon\u0117 ateityje b\u016bti atgaivintiems. Atsi\u017evelgiant \u012f tai, b\u016btina d\u0117ti visas pastangas, jog mokslas kiek \u012fmanoma labiau ir aktyviau dirbt\u0173 ties atgaivinimo klausimu. \u0160iuo metu pasaulyje u\u017e\u0161aldyt\u0173 asmen\u0173 kiekis nesiekia n\u0117 1000, tod\u0117l ir mokslo d\u0117mesys atgaivinimo sprendimams n\u0117ra toks didelis, kokio nor\u0117t\u0173si.<\/p>\n<p>Suprasdami \u0161i\u0105 problem\u0105 ReCryo steigia investicin\u012f nelie\u010diam\u0105j\u012f fond\u0105, kurio tikslas \u2013 investuoti paaukotas klient\u0173 l\u0117\u0161as finans\u0173 rinkose, o vis\u0105 peln\u0105, u\u017edirbam\u0105 i\u0161 \u0161io fondo kapitalo, skirti mokslininkams, dirbantiems i\u0161skirtinai ties u\u017e\u0161aldyt\u0173 asmen\u0173 atgaivinimo sprendim\u0173 atradimu. Parama \u0161iam fondui n\u0117ra privaloma, ta\u010diau klientai, norintys ne tik tur\u0117ti galimyb\u0119 b\u016bti atgaivintiems ateityje, bet ir prisid\u0117ti prie \u0161io sprendimo greitesnio atsiradimo \u2013 gali skirti neribojam\u0105 sum\u0105 l\u0117\u0161\u0173 paramos.[\/vc_column_text][\/vc_column_inner][vc_column_inner width=&#8221;1\/4&#8243;][\/vc_column_inner][\/vc_row_inner][\/vc_column][\/vc_row]<\/p>\n<\/div>","protected":false},"excerpt":{"rendered":"<p>[vc_row][vc_column width=&#8221;1\/1&#8243;][vc_row_inner][vc_column_inner width=&#8221;3\/4&#8243;][vc_column_text uncode_shortcode_id=&#8221;942305&#8243;]ReCryo organizacija \u012fkurta 2024 met\u0173 Sausio m\u0117nes\u012f, kurios pagrindinis tikslas \u2013 suteikti \u017emon\u0117ms prieinamas galimybes b\u016bti u\u017e\u0161aldytiems [&hellip;]<\/p>\n","protected":false},"author":1,"featured_media":0,"parent":0,"menu_order":0,"comment_status":"closed","ping_status":"closed","template":"","meta":{"footnotes":""},"yoast_head":"<!-- This site is optimized with the Yoast SEO plugin v22.0 - https:\/\/yoast.com\/wordpress\/plugins\/seo\/ -->\n<title>Apie mus - ReCryo<\/title>\n<meta name=\"robots\" content=\"noindex, follow, max-snippet:-1, max-image-preview:large, max-video-preview:-1\" \/>\n<meta property=\"og:locale\" content=\"lt_LT\" \/>\n<meta property=\"og:type\" content=\"article\" \/>\n<meta property=\"og:title\" content=\"Apie mus - ReCryo\" \/>\n<meta property=\"og:description\" content=\"[vc_row][vc_column width=&#8221;1\/1&#8243;][vc_row_inner][vc_column_inner width=&#8221;3\/4&#8243;][vc_column_text uncode_shortcode_id=&#8221;942305&#8243;]ReCryo organizacija \u012fkurta 2024 met\u0173 Sausio m\u0117nes\u012f, kurios pagrindinis tikslas \u2013 suteikti \u017emon\u0117ms prieinamas galimybes b\u016bti u\u017e\u0161aldytiems [&hellip;]\" \/>\n<meta property=\"og:url\" content=\"https:\/\/recryo.bio\/apie-mus\/\" \/>\n<meta property=\"og:site_name\" content=\"ReCryo\" \/>\n<meta property=\"article:modified_time\" content=\"2024-02-06T21:40:34+00:00\" \/>\n<meta name=\"twitter:card\" content=\"summary_large_image\" \/>\n<meta name=\"twitter:label1\" content=\"Est. reading time\" \/>\n\t<meta name=\"twitter:data1\" content=\"2 minut\u0117s\" \/>\n<script type=\"application\/ld+json\" class=\"yoast-schema-graph\">{\"@context\":\"https:\/\/schema.org\",\"@graph\":[{\"@type\":\"WebPage\",\"@id\":\"https:\/\/recryo.bio\/apie-mus\/\",\"url\":\"https:\/\/recryo.bio\/apie-mus\/\",\"name\":\"Apie mus - ReCryo\",\"isPartOf\":{\"@id\":\"https:\/\/recryo.bio\/#website\"},\"datePublished\":\"2024-02-06T16:10:57+00:00\",\"dateModified\":\"2024-02-06T21:40:34+00:00\",\"breadcrumb\":{\"@id\":\"https:\/\/recryo.bio\/apie-mus\/#breadcrumb\"},\"inLanguage\":\"lt-LT\",\"potentialAction\":[{\"@type\":\"ReadAction\",\"target\":[\"https:\/\/recryo.bio\/apie-mus\/\"]}]},{\"@type\":\"BreadcrumbList\",\"@id\":\"https:\/\/recryo.bio\/apie-mus\/#breadcrumb\",\"itemListElement\":[{\"@type\":\"ListItem\",\"position\":1,\"name\":\"Home\",\"item\":\"https:\/\/recryo.bio\/\"},{\"@type\":\"ListItem\",\"position\":2,\"name\":\"Apie mus\"}]},{\"@type\":\"WebSite\",\"@id\":\"https:\/\/recryo.bio\/#website\",\"url\":\"https:\/\/recryo.bio\/\",\"name\":\"ReCryo\",\"description\":\"ReCryo \u2013 mylintiems gyvenim\u0105!\",\"publisher\":{\"@id\":\"https:\/\/recryo.bio\/#organization\"},\"potentialAction\":[{\"@type\":\"SearchAction\",\"target\":{\"@type\":\"EntryPoint\",\"urlTemplate\":\"https:\/\/recryo.bio\/?s={search_term_string}\"},\"query-input\":\"required name=search_term_string\"}],\"inLanguage\":\"lt-LT\"},{\"@type\":\"Organization\",\"@id\":\"https:\/\/recryo.bio\/#organization\",\"name\":\"ReCryo\",\"url\":\"https:\/\/recryo.bio\/\",\"logo\":{\"@type\":\"ImageObject\",\"inLanguage\":\"lt-LT\",\"@id\":\"https:\/\/recryo.bio\/#\/schema\/logo\/image\/\",\"url\":\"https:\/\/recryo.bio\/wp-content\/uploads\/2024\/02\/recryo_dark.svg\",\"contentUrl\":\"https:\/\/recryo.bio\/wp-content\/uploads\/2024\/02\/recryo_dark.svg\",\"width\":1,\"height\":1,\"caption\":\"ReCryo\"},\"image\":{\"@id\":\"https:\/\/recryo.bio\/#\/schema\/logo\/image\/\"}}]}<\/script>\n<!-- \/ Yoast SEO plugin. -->","yoast_head_json":{"title":"Apie mus - ReCryo","robots":{"index":"noindex","follow":"follow","max-snippet":"max-snippet:-1","max-image-preview":"max-image-preview:large","max-video-preview":"max-video-preview:-1"},"og_locale":"lt_LT","og_type":"article","og_title":"Apie mus - ReCryo","og_description":"[vc_row][vc_column width=&#8221;1\/1&#8243;][vc_row_inner][vc_column_inner width=&#8221;3\/4&#8243;][vc_column_text uncode_shortcode_id=&#8221;942305&#8243;]ReCryo organizacija \u012fkurta 2024 met\u0173 Sausio m\u0117nes\u012f, kurios pagrindinis tikslas \u2013 suteikti \u017emon\u0117ms prieinamas galimybes b\u016bti u\u017e\u0161aldytiems [&hellip;]","og_url":"https:\/\/recryo.bio\/apie-mus\/","og_site_name":"ReCryo","article_modified_time":"2024-02-06T21:40:34+00:00","twitter_card":"summary_large_image","twitter_misc":{"Est. reading time":"2 minut\u0117s"},"schema":{"@context":"https:\/\/schema.org","@graph":[{"@type":"WebPage","@id":"https:\/\/recryo.bio\/apie-mus\/","url":"https:\/\/recryo.bio\/apie-mus\/","name":"Apie mus - ReCryo","isPartOf":{"@id":"https:\/\/recryo.bio\/#website"},"datePublished":"2024-02-06T16:10:57+00:00","dateModified":"2024-02-06T21:40:34+00:00","breadcrumb":{"@id":"https:\/\/recryo.bio\/apie-mus\/#breadcrumb"},"inLanguage":"lt-LT","potentialAction":[{"@type":"ReadAction","target":["https:\/\/recryo.bio\/apie-mus\/"]}]},{"@type":"BreadcrumbList","@id":"https:\/\/recryo.bio\/apie-mus\/#breadcrumb","itemListElement":[{"@type":"ListItem","position":1,"name":"Home","item":"https:\/\/recryo.bio\/"},{"@type":"ListItem","position":2,"name":"Apie mus"}]},{"@type":"WebSite","@id":"https:\/\/recryo.bio\/#website","url":"https:\/\/recryo.bio\/","name":"ReCryo","description":"ReCryo \u2013 mylintiems gyvenim\u0105!","publisher":{"@id":"https:\/\/recryo.bio\/#organization"},"potentialAction":[{"@type":"SearchAction","target":{"@type":"EntryPoint","urlTemplate":"https:\/\/recryo.bio\/?s={search_term_string}"},"query-input":"required name=search_term_string"}],"inLanguage":"lt-LT"},{"@type":"Organization","@id":"https:\/\/recryo.bio\/#organization","name":"ReCryo","url":"https:\/\/recryo.bio\/","logo":{"@type":"ImageObject","inLanguage":"lt-LT","@id":"https:\/\/recryo.bio\/#\/schema\/logo\/image\/","url":"https:\/\/recryo.bio\/wp-content\/uploads\/2024\/02\/recryo_dark.svg","contentUrl":"https:\/\/recryo.bio\/wp-content\/uploads\/2024\/02\/recryo_dark.svg","width":1,"height":1,"caption":"ReCryo"},"image":{"@id":"https:\/\/recryo.bio\/#\/schema\/logo\/image\/"}}]}},"_links":{"self":[{"href":"https:\/\/recryo.bio\/lt\/wp-json\/wp\/v2\/pages\/21"}],"collection":[{"href":"https:\/\/recryo.bio\/lt\/wp-json\/wp\/v2\/pages"}],"about":[{"href":"https:\/\/recryo.bio\/lt\/wp-json\/wp\/v2\/types\/page"}],"author":[{"embeddable":true,"href":"https:\/\/recryo.bio\/lt\/wp-json\/wp\/v2\/users\/1"}],"replies":[{"embeddable":true,"href":"https:\/\/recryo.bio\/lt\/wp-json\/wp\/v2\/comments?post=21"}],"version-history":[{"count":2,"href":"https:\/\/recryo.bio\/lt\/wp-json\/wp\/v2\/pages\/21\/revisions"}],"predecessor-version":[{"id":107,"href":"https:\/\/recryo.bio\/lt\/wp-json\/wp\/v2\/pages\/21\/revisions\/107"}],"wp:attachment":[{"href":"https:\/\/recryo.bio\/lt\/wp-json\/wp\/v2\/media?parent=21"}],"curies":[{"name":"wp","href":"https:\/\/api.w.org\/{rel}","templated":true}]}}