{"id":155,"date":"2024-02-11T20:04:04","date_gmt":"2024-02-11T20:04:04","guid":{"rendered":"https:\/\/recryo.bio\/?page_id=155"},"modified":"2024-02-11T20:04:04","modified_gmt":"2024-02-11T20:04:04","slug":"fondas","status":"publish","type":"page","link":"https:\/\/recryo.bio\/lt\/fondas\/","title":{"rendered":"Fondas"},"content":{"rendered":"<div class=\"wpb-content-wrapper\"><p>[vc_row][vc_column width=&#8221;1\/1&#8243;][vc_row_inner][vc_column_inner width=&#8221;3\/4&#8243;][vc_column_text uncode_shortcode_id=&#8221;878142&#8243;]ReCryo komanda supranta, jog vien tik pats kliento u\u017e\u0161aldymas n\u0117ra ir negali b\u016bti savaiminis tikslas \u2013 tai tik priemon\u0117 ateityje b\u016bti atgaivintiems. Atsi\u017evelgiant \u012f tai, b\u016btina d\u0117ti visas pastangas, jog mokslas kiek \u012fmanoma labiau ir aktyviau dirbt\u0173 ties atgaivinimo klausimu. \u0160iuo metu pasaulyje u\u017e\u0161aldyt\u0173 asmen\u0173 kiekis nesiekia n\u0117 1000, tod\u0117l ir mokslo d\u0117mesys atgaivinimo sprendimams n\u0117ra toks didelis, kokio nor\u0117t\u0173si.<\/p>\n<p>Suprasdami \u0161i\u0105 problem\u0105, ReCryo steigia investicin\u012f nelie\u010diam\u0105j\u012f fond\u0105 \u201eReCryo Foundation\u201c, kurio tikslas \u2013 investuoti paaukotas klient\u0173 l\u0117\u0161as finans\u0173 rinkose, o vis\u0105 peln\u0105, u\u017edirbam\u0105 i\u0161 \u0161io fondo kapitalo, skirti mokslininkams, dirbantiems i\u0161skirtinai ties u\u017e\u0161aldyt\u0173 asmen\u0173 atgaivinimo sprendim\u0173 atradimu. Tikime mokslinink\u0173 kompetencija, ta\u010diau norime prisid\u0117ti ir finansi\u0161kai juos \u012fgalinti dar labiau.<\/p>\n<p>Parama \u201eReCryo Foundation\u201c n\u0117ra privaloma, ta\u010diau klientai, norintys ne tik tur\u0117ti galimyb\u0119 b\u016bti atgaivintiems ateityje, bet ir prisid\u0117ti prie \u0161io sprendimo greitesnio atsiradimo \u2013 gali skirti neribojam\u0105 sum\u0105 l\u0117\u0161\u0173 paramos.<\/p>\n<p>Nelie\u010diamojo kapitalo fondas rem\u0117j\u0173 suaukotas l\u0117\u0161as investuos \u012f skirtingas turto klases laikydamasis konservatyvios investavimo strategijos siekiant i\u0161saugoti l\u0117\u0161\u0173 vert\u0119. Gr\u0105\u017ea, kuri\u0105 sugeneruoja nelie\u010diamojo kapitalo fondas yra skirstoma \u012f dvi dalis \u2013 gr\u0105\u017ea, lygi buvusiai metinei infliacijai ( euro zonoje ) gr\u012f\u0161 atgal \u012f nelie\u010diamojo kapitalo fond\u0105 ir bus skiriama tolimesn\u0117ms investicijoms taip siekiant i\u0161laikyti fondo reali\u0105 finansin\u0119 vert\u0119 am\u017einai, o gr\u0105\u017ea, kuri vir\u0161yja metin\u0119 infliacij\u0105, bus skiriama mokslininkams bei mokslo projektams finansuoti, susijusiems su u\u017e\u0161aldyt\u0173 \u017emoni\u0173 atgaivinimu.<\/p>\n<p>Nelie\u010diamojo kapitalo fondo pavadinimas jau pats suponuoja, jog \u0161is fondas yra nelie\u010diamas t.y. visa parama, kuri\u0105 \u0161iam fondui skiria ReCryo klientai yra nelie\u010diama ir negali b\u016bti gr\u0105\u017einta \u0161i\u0105 param\u0105 skyrusiems asmenims. ReCryo yra \u0161io fondo steig\u0117jai, ta\u010diau ReCryo nevaldys \u0161io fondo t.y. \u0161is fondas bus valdomas investicij\u0173 profesional\u0173 bei nepriklausomos fondo tarybos, kuri priims visus reikiamus sprendimus, b\u016btinus \u0161io fondo funkcionavimui bei mokslo projekt\u0173 finansavimui.<\/p>\n<p>Nelie\u010diamojo kapitalo fondo \u201eReCryo Foundation\u201c rem\u0117jais gali b\u016bti tiek ReCryo klientai, sudar\u0119 sutart\u012f d\u0117l j\u0173 u\u017e\u0161aldymo po mirties, tiek bet kuris \u017emogus, kuris nori, jog mokslas b\u016bt\u0173 \u012fgalintas finansiniais i\u0161tekliais siekti tiksl\u0173, leisian\u010di\u0173 \u017emon\u0117ms gauti antr\u0105j\u012f gyvenim\u0105.<br \/>\n[\/vc_column_text][\/vc_column_inner][vc_column_inner width=&#8221;1\/4&#8243;][\/vc_column_inner][\/vc_row_inner][\/vc_column][\/vc_row]<\/p>\n<\/div>","protected":false},"excerpt":{"rendered":"<p>[vc_row][vc_column width=&#8221;1\/1&#8243;][vc_row_inner][vc_column_inner width=&#8221;3\/4&#8243;][vc_column_text uncode_shortcode_id=&#8221;878142&#8243;]ReCryo komanda supranta, jog vien tik pats kliento u\u017e\u0161aldymas n\u0117ra ir negali b\u016bti savaiminis tikslas \u2013 tai [&hellip;]<\/p>\n","protected":false},"author":1,"featured_media":0,"parent":0,"menu_order":0,"comment_status":"closed","ping_status":"closed","template":"","meta":{"footnotes":""},"yoast_head":"<!-- This site is optimized with the Yoast SEO plugin v22.0 - https:\/\/yoast.com\/wordpress\/plugins\/seo\/ -->\n<title>Fondas - ReCryo<\/title>\n<meta name=\"robots\" content=\"noindex, follow, max-snippet:-1, max-image-preview:large, max-video-preview:-1\" \/>\n<meta property=\"og:locale\" content=\"lt_LT\" \/>\n<meta property=\"og:type\" content=\"article\" \/>\n<meta property=\"og:title\" content=\"Fondas - ReCryo\" \/>\n<meta property=\"og:description\" content=\"[vc_row][vc_column width=&#8221;1\/1&#8243;][vc_row_inner][vc_column_inner width=&#8221;3\/4&#8243;][vc_column_text uncode_shortcode_id=&#8221;878142&#8243;]ReCryo komanda supranta, jog vien tik pats kliento u\u017e\u0161aldymas n\u0117ra ir negali b\u016bti savaiminis tikslas \u2013 tai [&hellip;]\" \/>\n<meta property=\"og:url\" content=\"https:\/\/recryo.bio\/fondas\/\" \/>\n<meta property=\"og:site_name\" content=\"ReCryo\" \/>\n<meta name=\"twitter:card\" content=\"summary_large_image\" \/>\n<script type=\"application\/ld+json\" class=\"yoast-schema-graph\">{\"@context\":\"https:\/\/schema.org\",\"@graph\":[{\"@type\":\"WebPage\",\"@id\":\"https:\/\/recryo.bio\/fondas\/\",\"url\":\"https:\/\/recryo.bio\/fondas\/\",\"name\":\"Fondas - ReCryo\",\"isPartOf\":{\"@id\":\"https:\/\/recryo.bio\/#website\"},\"datePublished\":\"2024-02-11T20:04:04+00:00\",\"dateModified\":\"2024-02-11T20:04:04+00:00\",\"breadcrumb\":{\"@id\":\"https:\/\/recryo.bio\/fondas\/#breadcrumb\"},\"inLanguage\":\"lt-LT\",\"potentialAction\":[{\"@type\":\"ReadAction\",\"target\":[\"https:\/\/recryo.bio\/fondas\/\"]}]},{\"@type\":\"BreadcrumbList\",\"@id\":\"https:\/\/recryo.bio\/fondas\/#breadcrumb\",\"itemListElement\":[{\"@type\":\"ListItem\",\"position\":1,\"name\":\"Home\",\"item\":\"https:\/\/recryo.bio\/\"},{\"@type\":\"ListItem\",\"position\":2,\"name\":\"Fondas\"}]},{\"@type\":\"WebSite\",\"@id\":\"https:\/\/recryo.bio\/#website\",\"url\":\"https:\/\/recryo.bio\/\",\"name\":\"ReCryo\",\"description\":\"ReCryo \u2013 mylintiems gyvenim\u0105!\",\"publisher\":{\"@id\":\"https:\/\/recryo.bio\/#organization\"},\"potentialAction\":[{\"@type\":\"SearchAction\",\"target\":{\"@type\":\"EntryPoint\",\"urlTemplate\":\"https:\/\/recryo.bio\/?s={search_term_string}\"},\"query-input\":\"required name=search_term_string\"}],\"inLanguage\":\"lt-LT\"},{\"@type\":\"Organization\",\"@id\":\"https:\/\/recryo.bio\/#organization\",\"name\":\"ReCryo\",\"url\":\"https:\/\/recryo.bio\/\",\"logo\":{\"@type\":\"ImageObject\",\"inLanguage\":\"lt-LT\",\"@id\":\"https:\/\/recryo.bio\/#\/schema\/logo\/image\/\",\"url\":\"https:\/\/recryo.bio\/wp-content\/uploads\/2024\/02\/recryo_dark.svg\",\"contentUrl\":\"https:\/\/recryo.bio\/wp-content\/uploads\/2024\/02\/recryo_dark.svg\",\"width\":1,\"height\":1,\"caption\":\"ReCryo\"},\"image\":{\"@id\":\"https:\/\/recryo.bio\/#\/schema\/logo\/image\/\"}}]}<\/script>\n<!-- \/ Yoast SEO plugin. -->","yoast_head_json":{"title":"Fondas - ReCryo","robots":{"index":"noindex","follow":"follow","max-snippet":"max-snippet:-1","max-image-preview":"max-image-preview:large","max-video-preview":"max-video-preview:-1"},"og_locale":"lt_LT","og_type":"article","og_title":"Fondas - ReCryo","og_description":"[vc_row][vc_column width=&#8221;1\/1&#8243;][vc_row_inner][vc_column_inner width=&#8221;3\/4&#8243;][vc_column_text uncode_shortcode_id=&#8221;878142&#8243;]ReCryo komanda supranta, jog vien tik pats kliento u\u017e\u0161aldymas n\u0117ra ir negali b\u016bti savaiminis tikslas \u2013 tai [&hellip;]","og_url":"https:\/\/recryo.bio\/fondas\/","og_site_name":"ReCryo","twitter_card":"summary_large_image","schema":{"@context":"https:\/\/schema.org","@graph":[{"@type":"WebPage","@id":"https:\/\/recryo.bio\/fondas\/","url":"https:\/\/recryo.bio\/fondas\/","name":"Fondas - ReCryo","isPartOf":{"@id":"https:\/\/recryo.bio\/#website"},"datePublished":"2024-02-11T20:04:04+00:00","dateModified":"2024-02-11T20:04:04+00:00","breadcrumb":{"@id":"https:\/\/recryo.bio\/fondas\/#breadcrumb"},"inLanguage":"lt-LT","potentialAction":[{"@type":"ReadAction","target":["https:\/\/recryo.bio\/fondas\/"]}]},{"@type":"BreadcrumbList","@id":"https:\/\/recryo.bio\/fondas\/#breadcrumb","itemListElement":[{"@type":"ListItem","position":1,"name":"Home","item":"https:\/\/recryo.bio\/"},{"@type":"ListItem","position":2,"name":"Fondas"}]},{"@type":"WebSite","@id":"https:\/\/recryo.bio\/#website","url":"https:\/\/recryo.bio\/","name":"ReCryo","description":"ReCryo \u2013 mylintiems gyvenim\u0105!","publisher":{"@id":"https:\/\/recryo.bio\/#organization"},"potentialAction":[{"@type":"SearchAction","target":{"@type":"EntryPoint","urlTemplate":"https:\/\/recryo.bio\/?s={search_term_string}"},"query-input":"required name=search_term_string"}],"inLanguage":"lt-LT"},{"@type":"Organization","@id":"https:\/\/recryo.bio\/#organization","name":"ReCryo","url":"https:\/\/recryo.bio\/","logo":{"@type":"ImageObject","inLanguage":"lt-LT","@id":"https:\/\/recryo.bio\/#\/schema\/logo\/image\/","url":"https:\/\/recryo.bio\/wp-content\/uploads\/2024\/02\/recryo_dark.svg","contentUrl":"https:\/\/recryo.bio\/wp-content\/uploads\/2024\/02\/recryo_dark.svg","width":1,"height":1,"caption":"ReCryo"},"image":{"@id":"https:\/\/recryo.bio\/#\/schema\/logo\/image\/"}}]}},"_links":{"self":[{"href":"https:\/\/recryo.bio\/lt\/wp-json\/wp\/v2\/pages\/155"}],"collection":[{"href":"https:\/\/recryo.bio\/lt\/wp-json\/wp\/v2\/pages"}],"about":[{"href":"https:\/\/recryo.bio\/lt\/wp-json\/wp\/v2\/types\/page"}],"author":[{"embeddable":true,"href":"https:\/\/recryo.bio\/lt\/wp-json\/wp\/v2\/users\/1"}],"replies":[{"embeddable":true,"href":"https:\/\/recryo.bio\/lt\/wp-json\/wp\/v2\/comments?post=155"}],"version-history":[{"count":1,"href":"https:\/\/recryo.bio\/lt\/wp-json\/wp\/v2\/pages\/155\/revisions"}],"predecessor-version":[{"id":156,"href":"https:\/\/recryo.bio\/lt\/wp-json\/wp\/v2\/pages\/155\/revisions\/156"}],"wp:attachment":[{"href":"https:\/\/recryo.bio\/lt\/wp-json\/wp\/v2\/media?parent=155"}],"curies":[{"name":"wp","href":"https:\/\/api.w.org\/{rel}","templated":true}]}}