{"id":150,"date":"2024-02-11T19:58:14","date_gmt":"2024-02-11T19:58:14","guid":{"rendered":"https:\/\/recryo.bio\/?page_id=150"},"modified":"2024-02-11T20:01:26","modified_gmt":"2024-02-11T20:01:26","slug":"recryo-lab","status":"publish","type":"page","link":"https:\/\/recryo.bio\/lt\/recryo-lab\/","title":{"rendered":"ReCryo lab"},"content":{"rendered":"<div class=\"wpb-content-wrapper\"><p>[vc_row][vc_column width=&#8221;1\/1&#8243;][vc_row_inner][vc_column_inner width=&#8221;1\/2&#8243;][vc_column_text uncode_shortcode_id=&#8221;190906&#8243;]ReCryo 2027 met\u0173 prad\u017eioje atidarys daugiau nei 2500 kv.m. laboratorij\u0105 \u0160veicarijoje, skirt\u0105 200 \u017emoni\u0173 kriokonservavimui. Laboratorija bus \u012frengta naudojant naujausias ir pa\u017eangiausias technologijas, skirtas kriokonservavimo proced\u016brai atlikti. Laboratorijoje bus kriokonservavimo erdv\u0117, taip pat laboratorijoje \u012frengta mokym\u0173 erdv\u0117, kurioje nuolatos praktikuosis ReCryo darbuotojai, o taip pat atliks bandymus bei medicininius ekspermentus bendradarbiaudami su mokslininkais. Laboratorijos patalpose bus atidarytas krionikos istorijos muziejus su tikslu i\u0161samiau supa\u017eindinti b\u016bsimus klientus su \u0161ia sritimi ir parodyti kokie bandymai\/sprendimai yra daromi, jog ateityje u\u017e\u0161aldyti \u017emon\u0117s gal\u0117t\u0173 gr\u012f\u017eti \u012f gyvenim\u0105.<\/p>\n<p>\u0160veicarija ReCryo laboratorijai yra pasirinkta neatsitiktinai \u2013 tai gilias tradicijas turinti valstyb\u0117, itin didel\u012f d\u0117mes\u012f skirianti mokslininkams, j\u0173 tyrimams ir pa\u017eangai skatinti. Itin didelis d\u0117mesys yra skiriamas medicinos sri\u010diai ir bendradarbiavimui tarp mokslo ir verslo pasaulio farmacijos srityje. \u0160veicarija pasi\u017eymi ir politiniu stabilumu, jos teritorij\u0105 supa draugi\u0161kos valstyb\u0117s, gerbian\u010dios \u0160veicarijos suverinitet\u0105, \u0160veicarija n\u0117ra itin veikiama klimato kaitos, \u0161ioje valstyb\u0117je neb\u016bna gamtos stichij\u0173 ar \u017eem\u0117s dreb\u0117jim\u0173, tod\u0117l tai yra puiki teritorija atlikti kriokonservavimo proced\u016bras ir u\u017e\u0161aldyti klientus su perspektyva ateityje juos atgaivinti.<\/p>\n<p>ReCryo projektas yra orientuotas \u012f klientus, gyvenan\u010dius Europos teritorijoje, taip pat \u012f klientus Turkijoje, Jungtiniuose Arab\u0173 Emyratuose, Katare, Kuveite ir Egipte. Jei J\u016bs norite pasinaudoti ReCryo paslaugomis, ta\u010diau gyvename kitame kontinente \u2013 susisiekite ir aptarsime galimybes suteikti \u0161i\u0105 paslaug\u0105 ir Jums.<\/p>\n<p>ReCryo labaratorija bus atidaryta iki 2027 met\u0173, ta\u010diau sudaryti sutart\u012f su ReCryo galima jau dabar ir jau dabar bus teikiamos asmeninio vadybininko paslaugos. Jei mirties atvejis bus fiksuotas anks\u010diau nei 2027m. Sausio m\u0117nes\u012f \u2013 ReCryo sumok\u0117t\u0105 avans\u0105 gr\u0105\u017eins sutartyje nurodytais rekvizitais.[\/vc_column_text][\/vc_column_inner][vc_column_inner width=&#8221;1\/2&#8243;][vc_single_image media=&#8221;41&#8243; media_width_percent=&#8221;100&#8243; media_ratio=&#8221;one-one&#8221; shape=&#8221;img-round&#8221; radius=&#8221;xl&#8221; uncode_shortcode_id=&#8221;978673&#8243;][\/vc_column_inner][\/vc_row_inner][\/vc_column][\/vc_row]<\/p>\n<\/div>","protected":false},"excerpt":{"rendered":"<p>[vc_row][vc_column width=&#8221;1\/1&#8243;][vc_row_inner][vc_column_inner width=&#8221;1\/2&#8243;][vc_column_text uncode_shortcode_id=&#8221;190906&#8243;]ReCryo 2027 met\u0173 prad\u017eioje atidarys daugiau nei 2500 kv.m. laboratorij\u0105 \u0160veicarijoje, skirt\u0105 200 \u017emoni\u0173 kriokonservavimui. Laboratorija bus [&hellip;]<\/p>\n","protected":false},"author":1,"featured_media":0,"parent":0,"menu_order":0,"comment_status":"closed","ping_status":"closed","template":"","meta":{"footnotes":""},"yoast_head":"<!-- This site is optimized with the Yoast SEO plugin v22.0 - https:\/\/yoast.com\/wordpress\/plugins\/seo\/ -->\n<title>ReCryo lab - ReCryo<\/title>\n<meta name=\"robots\" content=\"noindex, follow, max-snippet:-1, max-image-preview:large, max-video-preview:-1\" \/>\n<meta property=\"og:locale\" content=\"lt_LT\" \/>\n<meta property=\"og:type\" content=\"article\" \/>\n<meta property=\"og:title\" content=\"ReCryo lab - ReCryo\" \/>\n<meta property=\"og:description\" content=\"[vc_row][vc_column width=&#8221;1\/1&#8243;][vc_row_inner][vc_column_inner width=&#8221;1\/2&#8243;][vc_column_text uncode_shortcode_id=&#8221;190906&#8243;]ReCryo 2027 met\u0173 prad\u017eioje atidarys daugiau nei 2500 kv.m. laboratorij\u0105 \u0160veicarijoje, skirt\u0105 200 \u017emoni\u0173 kriokonservavimui. Laboratorija bus [&hellip;]\" \/>\n<meta property=\"og:url\" content=\"https:\/\/recryo.bio\/recryo-lab\/\" \/>\n<meta property=\"og:site_name\" content=\"ReCryo\" \/>\n<meta property=\"article:modified_time\" content=\"2024-02-11T20:01:26+00:00\" \/>\n<meta name=\"twitter:card\" content=\"summary_large_image\" \/>\n<meta name=\"twitter:label1\" content=\"Est. reading time\" \/>\n\t<meta name=\"twitter:data1\" content=\"2 minut\u0117s\" \/>\n<script type=\"application\/ld+json\" class=\"yoast-schema-graph\">{\"@context\":\"https:\/\/schema.org\",\"@graph\":[{\"@type\":\"WebPage\",\"@id\":\"https:\/\/recryo.bio\/recryo-lab\/\",\"url\":\"https:\/\/recryo.bio\/recryo-lab\/\",\"name\":\"ReCryo lab - ReCryo\",\"isPartOf\":{\"@id\":\"https:\/\/recryo.bio\/#website\"},\"datePublished\":\"2024-02-11T19:58:14+00:00\",\"dateModified\":\"2024-02-11T20:01:26+00:00\",\"breadcrumb\":{\"@id\":\"https:\/\/recryo.bio\/recryo-lab\/#breadcrumb\"},\"inLanguage\":\"lt-LT\",\"potentialAction\":[{\"@type\":\"ReadAction\",\"target\":[\"https:\/\/recryo.bio\/recryo-lab\/\"]}]},{\"@type\":\"BreadcrumbList\",\"@id\":\"https:\/\/recryo.bio\/recryo-lab\/#breadcrumb\",\"itemListElement\":[{\"@type\":\"ListItem\",\"position\":1,\"name\":\"Home\",\"item\":\"https:\/\/recryo.bio\/\"},{\"@type\":\"ListItem\",\"position\":2,\"name\":\"ReCryo lab\"}]},{\"@type\":\"WebSite\",\"@id\":\"https:\/\/recryo.bio\/#website\",\"url\":\"https:\/\/recryo.bio\/\",\"name\":\"ReCryo\",\"description\":\"ReCryo \u2013 mylintiems gyvenim\u0105!\",\"publisher\":{\"@id\":\"https:\/\/recryo.bio\/#organization\"},\"potentialAction\":[{\"@type\":\"SearchAction\",\"target\":{\"@type\":\"EntryPoint\",\"urlTemplate\":\"https:\/\/recryo.bio\/?s={search_term_string}\"},\"query-input\":\"required name=search_term_string\"}],\"inLanguage\":\"lt-LT\"},{\"@type\":\"Organization\",\"@id\":\"https:\/\/recryo.bio\/#organization\",\"name\":\"ReCryo\",\"url\":\"https:\/\/recryo.bio\/\",\"logo\":{\"@type\":\"ImageObject\",\"inLanguage\":\"lt-LT\",\"@id\":\"https:\/\/recryo.bio\/#\/schema\/logo\/image\/\",\"url\":\"https:\/\/recryo.bio\/wp-content\/uploads\/2024\/02\/recryo_dark.svg\",\"contentUrl\":\"https:\/\/recryo.bio\/wp-content\/uploads\/2024\/02\/recryo_dark.svg\",\"width\":1,\"height\":1,\"caption\":\"ReCryo\"},\"image\":{\"@id\":\"https:\/\/recryo.bio\/#\/schema\/logo\/image\/\"}}]}<\/script>\n<!-- \/ Yoast SEO plugin. -->","yoast_head_json":{"title":"ReCryo lab - ReCryo","robots":{"index":"noindex","follow":"follow","max-snippet":"max-snippet:-1","max-image-preview":"max-image-preview:large","max-video-preview":"max-video-preview:-1"},"og_locale":"lt_LT","og_type":"article","og_title":"ReCryo lab - ReCryo","og_description":"[vc_row][vc_column width=&#8221;1\/1&#8243;][vc_row_inner][vc_column_inner width=&#8221;1\/2&#8243;][vc_column_text uncode_shortcode_id=&#8221;190906&#8243;]ReCryo 2027 met\u0173 prad\u017eioje atidarys daugiau nei 2500 kv.m. laboratorij\u0105 \u0160veicarijoje, skirt\u0105 200 \u017emoni\u0173 kriokonservavimui. Laboratorija bus [&hellip;]","og_url":"https:\/\/recryo.bio\/recryo-lab\/","og_site_name":"ReCryo","article_modified_time":"2024-02-11T20:01:26+00:00","twitter_card":"summary_large_image","twitter_misc":{"Est. reading time":"2 minut\u0117s"},"schema":{"@context":"https:\/\/schema.org","@graph":[{"@type":"WebPage","@id":"https:\/\/recryo.bio\/recryo-lab\/","url":"https:\/\/recryo.bio\/recryo-lab\/","name":"ReCryo lab - ReCryo","isPartOf":{"@id":"https:\/\/recryo.bio\/#website"},"datePublished":"2024-02-11T19:58:14+00:00","dateModified":"2024-02-11T20:01:26+00:00","breadcrumb":{"@id":"https:\/\/recryo.bio\/recryo-lab\/#breadcrumb"},"inLanguage":"lt-LT","potentialAction":[{"@type":"ReadAction","target":["https:\/\/recryo.bio\/recryo-lab\/"]}]},{"@type":"BreadcrumbList","@id":"https:\/\/recryo.bio\/recryo-lab\/#breadcrumb","itemListElement":[{"@type":"ListItem","position":1,"name":"Home","item":"https:\/\/recryo.bio\/"},{"@type":"ListItem","position":2,"name":"ReCryo lab"}]},{"@type":"WebSite","@id":"https:\/\/recryo.bio\/#website","url":"https:\/\/recryo.bio\/","name":"ReCryo","description":"ReCryo \u2013 mylintiems gyvenim\u0105!","publisher":{"@id":"https:\/\/recryo.bio\/#organization"},"potentialAction":[{"@type":"SearchAction","target":{"@type":"EntryPoint","urlTemplate":"https:\/\/recryo.bio\/?s={search_term_string}"},"query-input":"required name=search_term_string"}],"inLanguage":"lt-LT"},{"@type":"Organization","@id":"https:\/\/recryo.bio\/#organization","name":"ReCryo","url":"https:\/\/recryo.bio\/","logo":{"@type":"ImageObject","inLanguage":"lt-LT","@id":"https:\/\/recryo.bio\/#\/schema\/logo\/image\/","url":"https:\/\/recryo.bio\/wp-content\/uploads\/2024\/02\/recryo_dark.svg","contentUrl":"https:\/\/recryo.bio\/wp-content\/uploads\/2024\/02\/recryo_dark.svg","width":1,"height":1,"caption":"ReCryo"},"image":{"@id":"https:\/\/recryo.bio\/#\/schema\/logo\/image\/"}}]}},"_links":{"self":[{"href":"https:\/\/recryo.bio\/lt\/wp-json\/wp\/v2\/pages\/150"}],"collection":[{"href":"https:\/\/recryo.bio\/lt\/wp-json\/wp\/v2\/pages"}],"about":[{"href":"https:\/\/recryo.bio\/lt\/wp-json\/wp\/v2\/types\/page"}],"author":[{"embeddable":true,"href":"https:\/\/recryo.bio\/lt\/wp-json\/wp\/v2\/users\/1"}],"replies":[{"embeddable":true,"href":"https:\/\/recryo.bio\/lt\/wp-json\/wp\/v2\/comments?post=150"}],"version-history":[{"count":3,"href":"https:\/\/recryo.bio\/lt\/wp-json\/wp\/v2\/pages\/150\/revisions"}],"predecessor-version":[{"id":154,"href":"https:\/\/recryo.bio\/lt\/wp-json\/wp\/v2\/pages\/150\/revisions\/154"}],"wp:attachment":[{"href":"https:\/\/recryo.bio\/lt\/wp-json\/wp\/v2\/media?parent=150"}],"curies":[{"name":"wp","href":"https:\/\/api.w.org\/{rel}","templated":true}]}}