{"id":140,"date":"2024-02-11T19:35:19","date_gmt":"2024-02-11T19:35:19","guid":{"rendered":"https:\/\/recryo.bio\/?page_id=140"},"modified":"2024-02-12T12:20:37","modified_gmt":"2024-02-12T12:20:37","slug":"apie-krionika","status":"publish","type":"page","link":"https:\/\/recryo.bio\/lt\/apie-krionika\/","title":{"rendered":"Apie krionik\u0105"},"content":{"rendered":"<div class=\"wpb-content-wrapper\"><p>[vc_row][vc_column width=&#8221;1\/1&#8243;][vc_row_inner][vc_column_inner width=&#8221;3\/4&#8243;][vc_column_text uncode_shortcode_id=&#8221;835660&#8243;]Sakoma, jog krionika \u2013 tai \u0161altasis kelias \u012f am\u017einaj\u012f gyvenim\u0105. \u0160i medicinos \u0161aka atveria iki \u0161iol nereg\u0117tas \u017emonijai ateities perspektyvas, ta\u010diau apie visk\u0105 \u2013 detaliau. Dar 1773 metais Benjamin Franklin savo lai\u0161ke pasi\u016bl\u0117 id\u0117j\u0105, kad \u017emogaus gyvyb\u0117 gali b\u016bti i\u0161saugota j\u012f \u201cu\u017ekonservuojant\u201d, ta\u010diau tuo metu tai tik ir liko id\u0117ja.<\/p>\n<p>1962 metais Mi\u010digano koled\u017eo fizikos d\u0117stytojas Robert Ettinger para\u0161\u0117 knyg\u0105 \u201eNemirtingumo perspektyvos\u201c ( The Prospect of Immortality ). Joje buvo ra\u0161oma, kad u\u017e\u0161aldyti \u017emon\u0117s turi reali\u0173 vil\u010di\u0173 sulaukti, kol ateities medicina gal\u0117s juos atgaivinti. Ir nors \u017emogaus u\u017e\u0161aldymas visiems atrod\u0117 kaip mirtinas dalykas, ta\u010diau Robert Ettinger teig\u0117, kad ateityje viskas gali b\u016bti atstatoma t.y. \u017emogus gali b\u016bti gr\u0105\u017einamas \u012f gyvenim\u0105. Lygiai t\u0105 pat\u012f jis teig\u0117 ir apie ankstyv\u0105j\u0105 klinikin\u0119 mirt\u012f. Sujungus \u0161ias dvi id\u0117jas fizikas padar\u0117 i\u0161vad\u0105, kad \u017emoni\u0173 u\u017e\u0161aldymas turi perspektyv\u0105 ir tai gali b\u016bti \u017emoni\u0173 gyvybi\u0173 i\u0161saugojimo ir atk\u016brimo galimyb\u0117.<\/p>\n<p>1967 met\u0173 Sausio 12 dien\u0105 krionikos proceso b\u016bdu buvo u\u017e\u0161aldytas pirmasis \u017emogus pasaulyje \u2013 73 met\u0173 psichologijos daktaras James Bedford. \u0160iandien u\u017e\u0161aldyt\u0173 \u017emoni\u0173 skai\u010dius siekia apie 500 asmen\u0173 visame pasaulyje ir dar apie 5000 \u017emoni\u0173 yra sudar\u0119 sutartis, jog b\u016bt\u0173 kriokonservuoti po j\u0173 mirties.<\/p>\n<p>Krionavimo proced\u016bra gali b\u016bti pradedama tik oficialiai u\u017eregistravus paciento mirt\u012f. I\u0161karto po mirties yra pradedamas \u0161aldyti k\u016bnas ir stimuliuojama \u0161irdis, kad k\u016bno audiniai neprarast\u0173 gyvyb\u0117s. Be \u0161i\u0173 proced\u016br\u0173 kraujo cirkuliacij\u0105 atstatyti b\u016bt\u0173 sud\u0117tinga ir k\u016bno l\u0105stel\u0117s prad\u0117t\u0173 mirti d\u0117l deguonies tr\u016bkumo, o po keli\u0173 valand\u0173 smegenys prad\u0117t\u0173 naikinti pa\u010dios save. Visos proced\u016bros metu yra itin svarbu i\u0161vengti ledo formavimosi k\u016bne, nes tai gal\u0117t\u0173 pa\u017eeisti l\u0105steles.<\/p>\n<p>Kai yra atstatoma kraujo cirkuliacija, \u012f k\u016bn\u0105 yra pradedamos leisti protektin\u0117s med\u017eiagos siekiant i\u0161vengti k\u016bno audini\u0173 ir l\u0105steli\u0173 mirties, taip pat k\u016bnas toliau yra \u0161aldomas. Kai k\u016bno temperat\u016bra pasiekia apie 10C, kraujas pradedamas \u0161alinti i\u0161 k\u016bno ir vietoje jo yra kei\u010diamas organ\u0173 i\u0161laikymo skys\u010diu. Kiek v\u0117liau paciento k\u016bnas yra talpinamas \u012f speciali\u0105 krionikos \u012frang\u0105, kuriame yra palaikoma 0C temperat\u016bra, kuriame \u017emogaus kraujagysli\u0173 tinklas galutinai yra u\u017epildomas specialiu skys\u010diu, kuris neleid\u017eia l\u0105stel\u0117ms sutr\u016bkin\u0117ti ar \u017e\u016bti. Po \u0161ios proced\u016bros, kuri trunka kelias valandas, pradedama sparti paciento v\u0117sinimo programa, kuomet k\u016bnas yra atv\u0117sinamas iki -130C ir v\u0117sinamas tol, kol tokia temperat\u016bra pasidaro pastovi jo k\u016bne. Kai yra fiksuojama -130C temperat\u016bra, l\u0117tojo \u0161aldymo b\u016bdu k\u016bnas yra v\u0117sinamas iki \u2013196C temperat\u016bros.<\/p>\n<p>Baigus \u0161i\u0105 proced\u016br\u0105 \u017emogus yra talpinamas \u012f kriostat\u0105 \u017eemyn galva ir skysto azoto d\u0117ka k\u016bno temperat\u016bra yra palaikoma \u2013196C. Kriostate esanti \u012franga fiksuoja b\u016bsen\u0105, temperat\u016br\u0105 ir kitus b\u016btinus rodiklius, tod\u0117l apie galim\u0105 skystojo azoto nuot\u0117k\u012f prie\u017ei\u016bros darbuotojai bus informuojama nedelsiant, nors jo tikimyb\u0117 ir yra itin ma\u017ea, ta\u010diau siekiant maksimalaus saugumo b\u016btent d\u0117l \u0161ios prie\u017easties \u017emogus yra talpinamas \u017eemyn galva, siekiant apsaugoti galvos smegenis.<br \/>\n[\/vc_column_text][\/vc_column_inner][vc_column_inner width=&#8221;1\/4&#8243;][\/vc_column_inner][\/vc_row_inner][\/vc_column][\/vc_row][vc_row row_height_percent=&#8221;0&#8243; override_padding=&#8221;yes&#8221; h_padding=&#8221;2&#8243; top_padding=&#8221;4&#8243; bottom_padding=&#8221;4&#8243; back_color=&#8221;color-186845&#8243; overlay_alpha=&#8221;50&#8243; gutter_size=&#8221;3&#8243; column_width_percent=&#8221;100&#8243; shift_y=&#8221;0&#8243; z_index=&#8221;0&#8243; uncode_shortcode_id=&#8221;125004&#8243; back_color_type=&#8221;uncode-palette&#8221;][vc_column width=&#8221;1\/1&#8243;][vc_row_inner][vc_column_inner column_width_percent=&#8221;100&#8243; gutter_size=&#8221;2&#8243; style=&#8221;dark&#8221; overlay_alpha=&#8221;50&#8243; shift_x=&#8221;0&#8243; shift_y=&#8221;0&#8243; shift_y_down=&#8221;0&#8243; z_index=&#8221;0&#8243; medium_width=&#8221;0&#8243; mobile_width=&#8221;0&#8243; css_animation=&#8221;left-t-right&#8221; width=&#8221;1\/2&#8243; uncode_shortcode_id=&#8221;967799&#8243;][vc_custom_heading text_color=&#8221;color-xsdn&#8221; text_size=&#8221;h1&#8243; uncode_shortcode_id=&#8221;999226&#8243; text_color_type=&#8221;uncode-palette&#8221;]Atgaivinimas[\/vc_custom_heading][vc_column_text uncode_shortcode_id=&#8221;144495&#8243;]ReCryo teikia kriokonservavimo paslaug\u0105 tam, kad ateityje mokslininkams atradus galimyb\u0119 atgaivinti mirus\u012f \u017emog\u0173, ReCryo klientai b\u016bt\u0173 atgaivinti bei gal\u0117t\u0173 t\u0119sti savo gyvenim\u0105.<\/p>\n<p>Nors dar n\u0117ra atgaivintas nei vienas mir\u0119s ir kriokonservuotas \u017emogus, neabejojama, jog mokslo pa\u017eanga \u0161ioje srityje atveria iki \u0161iol nereg\u0117tas \u017emonijai ateities perspektyvas.[\/vc_column_text][\/vc_column_inner][vc_column_inner column_width_percent=&#8221;100&#8243; gutter_size=&#8221;2&#8243; style=&#8221;dark&#8221; overlay_alpha=&#8221;50&#8243; shift_x=&#8221;0&#8243; shift_y=&#8221;0&#8243; shift_y_down=&#8221;0&#8243; z_index=&#8221;0&#8243; medium_width=&#8221;0&#8243; mobile_width=&#8221;0&#8243; css_animation=&#8221;right-t-left&#8221; animation_delay=&#8221;300&#8243; width=&#8221;1\/2&#8243; uncode_shortcode_id=&#8221;118210&#8243;][vc_custom_heading text_color=&#8221;color-xsdn&#8221; text_size=&#8221;h1&#8243; uncode_shortcode_id=&#8221;119940&#8243; text_color_type=&#8221;uncode-palette&#8221;]Verta atkreipti demes\u012f, jog:[\/vc_custom_heading][vc_column_text uncode_shortcode_id=&#8221;154392&#8243;]Jau \u0161iuo metu yra i\u0161rastas ir daugyb\u0119 eksperiment\u0173 \u012frodytas konservavimo b\u016bdas i\u0161vengiant ledo formavimosi \u0161aldant k\u016bn\u0105. Tokiu b\u016bdu dauguma gyvybi\u0161kai svarbi\u0173 l\u0105steli\u0173 atsistato be joki\u0173 komplikacij\u0173;<\/p>\n<ul>\n<li>Mokslininkai mano, jog ateityje l\u0105steles bus galima restauruoti ar atkurti, net jei dalis j\u0173 b\u016bt\u0173 suirusios;<\/li>\n<li>Mokslininkai mano, jog ateityje bus i\u0161rastos technologijos, galin\u010dios nuskaityti \u017emogaus atmint\u012f i\u0161 kriokonservuot\u0173 smegen\u0173;<\/li>\n<li>Mokslininkai mano, jog ateityje, atsiradus organ\u0173 klonavimo galimybei, kriokonservuoti smegenys, kuriuose yra saugoma \u017emogaus atmintis, jausmai, charakterio savyb\u0117s, \u012fg\u016bd\u017eiai ir protas, gal\u0117s b\u016bti perkelti \u012f \u012f nauj\u0105j\u012f k\u016bn\u0105 ir tokiu b\u016bdu \u017emogui suteiktas antrasis gyvenimas naujame k\u016bne;<\/li>\n<li>N\u0117ra fundamentali\u0173 biologini\u0173 prie\u017eas\u010di\u0173, kuri\u0173 pagrindu galima b\u016bt\u0173 teigti, jog kriokonservuoto asmens atgaivinimas ateityje yra ne\u012fmanomas.<\/li>\n<\/ul>\n<p>[\/vc_column_text][\/vc_column_inner][\/vc_row_inner][\/vc_column][\/vc_row]<\/p>\n<\/div>","protected":false},"excerpt":{"rendered":"<p>[vc_row][vc_column width=&#8221;1\/1&#8243;][vc_row_inner][vc_column_inner width=&#8221;3\/4&#8243;][vc_column_text uncode_shortcode_id=&#8221;835660&#8243;]Sakoma, jog krionika \u2013 tai \u0161altasis kelias \u012f am\u017einaj\u012f gyvenim\u0105. \u0160i medicinos \u0161aka atveria iki \u0161iol nereg\u0117tas [&hellip;]<\/p>\n","protected":false},"author":1,"featured_media":0,"parent":0,"menu_order":0,"comment_status":"closed","ping_status":"closed","template":"","meta":{"footnotes":""},"yoast_head":"<!-- This site is optimized with the Yoast SEO plugin v22.0 - https:\/\/yoast.com\/wordpress\/plugins\/seo\/ -->\n<title>Apie krionik\u0105 - ReCryo<\/title>\n<meta name=\"robots\" content=\"noindex, follow, max-snippet:-1, max-image-preview:large, max-video-preview:-1\" \/>\n<meta property=\"og:locale\" content=\"lt_LT\" \/>\n<meta property=\"og:type\" content=\"article\" \/>\n<meta property=\"og:title\" content=\"Apie krionik\u0105 - ReCryo\" \/>\n<meta property=\"og:description\" content=\"[vc_row][vc_column width=&#8221;1\/1&#8243;][vc_row_inner][vc_column_inner width=&#8221;3\/4&#8243;][vc_column_text uncode_shortcode_id=&#8221;835660&#8243;]Sakoma, jog krionika \u2013 tai \u0161altasis kelias \u012f am\u017einaj\u012f gyvenim\u0105. \u0160i medicinos \u0161aka atveria iki \u0161iol nereg\u0117tas [&hellip;]\" \/>\n<meta property=\"og:url\" content=\"https:\/\/recryo.bio\/apie-krionika\/\" \/>\n<meta property=\"og:site_name\" content=\"ReCryo\" \/>\n<meta property=\"article:modified_time\" content=\"2024-02-12T12:20:37+00:00\" \/>\n<meta name=\"twitter:card\" content=\"summary_large_image\" \/>\n<meta name=\"twitter:label1\" content=\"Est. reading time\" \/>\n\t<meta name=\"twitter:data1\" content=\"4 minut\u0117s\" \/>\n<script type=\"application\/ld+json\" class=\"yoast-schema-graph\">{\"@context\":\"https:\/\/schema.org\",\"@graph\":[{\"@type\":\"WebPage\",\"@id\":\"https:\/\/recryo.bio\/apie-krionika\/\",\"url\":\"https:\/\/recryo.bio\/apie-krionika\/\",\"name\":\"Apie krionik\u0105 - ReCryo\",\"isPartOf\":{\"@id\":\"https:\/\/recryo.bio\/#website\"},\"datePublished\":\"2024-02-11T19:35:19+00:00\",\"dateModified\":\"2024-02-12T12:20:37+00:00\",\"breadcrumb\":{\"@id\":\"https:\/\/recryo.bio\/apie-krionika\/#breadcrumb\"},\"inLanguage\":\"lt-LT\",\"potentialAction\":[{\"@type\":\"ReadAction\",\"target\":[\"https:\/\/recryo.bio\/apie-krionika\/\"]}]},{\"@type\":\"BreadcrumbList\",\"@id\":\"https:\/\/recryo.bio\/apie-krionika\/#breadcrumb\",\"itemListElement\":[{\"@type\":\"ListItem\",\"position\":1,\"name\":\"Home\",\"item\":\"https:\/\/recryo.bio\/\"},{\"@type\":\"ListItem\",\"position\":2,\"name\":\"Apie krionik\u0105\"}]},{\"@type\":\"WebSite\",\"@id\":\"https:\/\/recryo.bio\/#website\",\"url\":\"https:\/\/recryo.bio\/\",\"name\":\"ReCryo\",\"description\":\"ReCryo \u2013 mylintiems gyvenim\u0105!\",\"publisher\":{\"@id\":\"https:\/\/recryo.bio\/#organization\"},\"potentialAction\":[{\"@type\":\"SearchAction\",\"target\":{\"@type\":\"EntryPoint\",\"urlTemplate\":\"https:\/\/recryo.bio\/?s={search_term_string}\"},\"query-input\":\"required name=search_term_string\"}],\"inLanguage\":\"lt-LT\"},{\"@type\":\"Organization\",\"@id\":\"https:\/\/recryo.bio\/#organization\",\"name\":\"ReCryo\",\"url\":\"https:\/\/recryo.bio\/\",\"logo\":{\"@type\":\"ImageObject\",\"inLanguage\":\"lt-LT\",\"@id\":\"https:\/\/recryo.bio\/#\/schema\/logo\/image\/\",\"url\":\"https:\/\/recryo.bio\/wp-content\/uploads\/2024\/02\/recryo_dark.svg\",\"contentUrl\":\"https:\/\/recryo.bio\/wp-content\/uploads\/2024\/02\/recryo_dark.svg\",\"width\":1,\"height\":1,\"caption\":\"ReCryo\"},\"image\":{\"@id\":\"https:\/\/recryo.bio\/#\/schema\/logo\/image\/\"}}]}<\/script>\n<!-- \/ Yoast SEO plugin. -->","yoast_head_json":{"title":"Apie krionik\u0105 - ReCryo","robots":{"index":"noindex","follow":"follow","max-snippet":"max-snippet:-1","max-image-preview":"max-image-preview:large","max-video-preview":"max-video-preview:-1"},"og_locale":"lt_LT","og_type":"article","og_title":"Apie krionik\u0105 - ReCryo","og_description":"[vc_row][vc_column width=&#8221;1\/1&#8243;][vc_row_inner][vc_column_inner width=&#8221;3\/4&#8243;][vc_column_text uncode_shortcode_id=&#8221;835660&#8243;]Sakoma, jog krionika \u2013 tai \u0161altasis kelias \u012f am\u017einaj\u012f gyvenim\u0105. \u0160i medicinos \u0161aka atveria iki \u0161iol nereg\u0117tas [&hellip;]","og_url":"https:\/\/recryo.bio\/apie-krionika\/","og_site_name":"ReCryo","article_modified_time":"2024-02-12T12:20:37+00:00","twitter_card":"summary_large_image","twitter_misc":{"Est. reading time":"4 minut\u0117s"},"schema":{"@context":"https:\/\/schema.org","@graph":[{"@type":"WebPage","@id":"https:\/\/recryo.bio\/apie-krionika\/","url":"https:\/\/recryo.bio\/apie-krionika\/","name":"Apie krionik\u0105 - ReCryo","isPartOf":{"@id":"https:\/\/recryo.bio\/#website"},"datePublished":"2024-02-11T19:35:19+00:00","dateModified":"2024-02-12T12:20:37+00:00","breadcrumb":{"@id":"https:\/\/recryo.bio\/apie-krionika\/#breadcrumb"},"inLanguage":"lt-LT","potentialAction":[{"@type":"ReadAction","target":["https:\/\/recryo.bio\/apie-krionika\/"]}]},{"@type":"BreadcrumbList","@id":"https:\/\/recryo.bio\/apie-krionika\/#breadcrumb","itemListElement":[{"@type":"ListItem","position":1,"name":"Home","item":"https:\/\/recryo.bio\/"},{"@type":"ListItem","position":2,"name":"Apie krionik\u0105"}]},{"@type":"WebSite","@id":"https:\/\/recryo.bio\/#website","url":"https:\/\/recryo.bio\/","name":"ReCryo","description":"ReCryo \u2013 mylintiems gyvenim\u0105!","publisher":{"@id":"https:\/\/recryo.bio\/#organization"},"potentialAction":[{"@type":"SearchAction","target":{"@type":"EntryPoint","urlTemplate":"https:\/\/recryo.bio\/?s={search_term_string}"},"query-input":"required name=search_term_string"}],"inLanguage":"lt-LT"},{"@type":"Organization","@id":"https:\/\/recryo.bio\/#organization","name":"ReCryo","url":"https:\/\/recryo.bio\/","logo":{"@type":"ImageObject","inLanguage":"lt-LT","@id":"https:\/\/recryo.bio\/#\/schema\/logo\/image\/","url":"https:\/\/recryo.bio\/wp-content\/uploads\/2024\/02\/recryo_dark.svg","contentUrl":"https:\/\/recryo.bio\/wp-content\/uploads\/2024\/02\/recryo_dark.svg","width":1,"height":1,"caption":"ReCryo"},"image":{"@id":"https:\/\/recryo.bio\/#\/schema\/logo\/image\/"}}]}},"_links":{"self":[{"href":"https:\/\/recryo.bio\/lt\/wp-json\/wp\/v2\/pages\/140"}],"collection":[{"href":"https:\/\/recryo.bio\/lt\/wp-json\/wp\/v2\/pages"}],"about":[{"href":"https:\/\/recryo.bio\/lt\/wp-json\/wp\/v2\/types\/page"}],"author":[{"embeddable":true,"href":"https:\/\/recryo.bio\/lt\/wp-json\/wp\/v2\/users\/1"}],"replies":[{"embeddable":true,"href":"https:\/\/recryo.bio\/lt\/wp-json\/wp\/v2\/comments?post=140"}],"version-history":[{"count":6,"href":"https:\/\/recryo.bio\/lt\/wp-json\/wp\/v2\/pages\/140\/revisions"}],"predecessor-version":[{"id":226,"href":"https:\/\/recryo.bio\/lt\/wp-json\/wp\/v2\/pages\/140\/revisions\/226"}],"wp:attachment":[{"href":"https:\/\/recryo.bio\/lt\/wp-json\/wp\/v2\/media?parent=140"}],"curies":[{"name":"wp","href":"https:\/\/api.w.org\/{rel}","templated":true}]}}