{"id":137,"date":"2024-02-11T19:29:05","date_gmt":"2024-02-11T19:29:05","guid":{"rendered":"https:\/\/recryo.bio\/?page_id=137"},"modified":"2024-02-12T12:19:20","modified_gmt":"2024-02-12T12:19:20","slug":"d-u-k","status":"publish","type":"page","link":"https:\/\/recryo.bio\/lt\/d-u-k\/","title":{"rendered":"D.U.K"},"content":{"rendered":"<div class=\"wpb-content-wrapper\"><p>[vc_row row_height_percent=&#8221;0&#8243; overlay_alpha=&#8221;50&#8243; gutter_size=&#8221;3&#8243; column_width_percent=&#8221;100&#8243; shift_y=&#8221;0&#8243; z_index=&#8221;0&#8243; uncode_shortcode_id=&#8221;111746&#8243; row_name=&#8221;duk&#8221;][vc_column column_width_percent=&#8221;100&#8243; gutter_size=&#8221;3&#8243; overlay_alpha=&#8221;50&#8243; shift_x=&#8221;0&#8243; shift_y=&#8221;0&#8243; shift_y_down=&#8221;0&#8243; z_index=&#8221;0&#8243; medium_width=&#8221;0&#8243; mobile_width=&#8221;0&#8243; css_animation=&#8221;top-t-bottom&#8221; width=&#8221;1\/1&#8243; uncode_shortcode_id=&#8221;137124&#8243;][vc_accordion typography=&#8221;yes&#8221; gutter_simple=&#8221;0&#8243; uncode_shortcode_id=&#8221;145980&#8243; active_tab=&#8221;0&#8243;][vc_accordion_tab gutter_size=&#8221;2&#8243; column_padding=&#8221;2&#8243; title=&#8221;Kas yra kriokonservavimas?&#8221; tab_id=&#8221;1707248325-1-35&#8243;][vc_column_text uncode_shortcode_id=&#8221;130193&#8243;]Kriokonservavimas yra medicinin\u0117 proced\u016bra, skirta u\u017e\u0161aldyti oficialiai mirusio \u017emogaus k\u016bn\u0105 su tikslu ateityje j\u012f prikelti ir suteikti \u017emogui antr\u0105j\u012f gyvenim\u0105.[\/vc_column_text][\/vc_accordion_tab][vc_accordion_tab gutter_size=&#8221;2&#8243; column_padding=&#8221;2&#8243; title=&#8221;Kiek \u017emoni\u0173 \u0161iuo metu yra kriokonservuoti?&#8221; tab_id=&#8221;1707248325-2-70&#8243;][vc_column_text uncode_shortcode_id=&#8221;203649&#8243;]\u0160iuo metu pasaulyje yra apie 500 kriokonservuot\u0173 pacien\u0173 bei dar apie 5000 asmen\u0173, sudariusi\u0173 kriokonservavimo sutartis po j\u0173 mirties. [\/vc_column_text][\/vc_accordion_tab][vc_accordion_tab gutter_size=&#8221;2&#8243; column_padding=&#8221;2&#8243; title=&#8221;Kiek laiko a\u0161 b\u016bsiu kriokonservuotas?&#8221; tab_id=&#8221;1707248372806-2-5&#8243;][vc_column_text uncode_shortcode_id=&#8221;100887&#8243;]ReCryo klientai kriokonservuojami yra iki pat j\u0173 atgaivinimo momento. Kriokonservavimo technologija naudojant skyst\u0105j\u012f azot\u0105 leid\u017eia saugoti kriokonservuotus pacientus fakti\u0161kai be joki\u0173 papildom\u0173 ka\u0161t\u0173.[\/vc_column_text][\/vc_accordion_tab][vc_accordion_tab gutter_size=&#8221;2&#8243; column_padding=&#8221;2&#8243; title=&#8221;Kiek laiko mokslas u\u017etruks kol mane atgaivins?&#8221; tab_id=&#8221;1707248394039-3-10&#8243;][vc_column_text uncode_shortcode_id=&#8221;111661&#8243;]\u0160iuo metu n\u0117ra konkre\u010dios datos, kuri b\u016bt\u0173 laikoma momentu, kuomet kriokonservuoti pacientai bus atgaivinti antr\u0105jam gyvenimui, ta\u010diau tikima, jog jei mokslo pa\u017eanga i\u0161liks tokia, kokia yra pastaruoju metu, pirmieji kriokonservuoti pacientai bus atgaivinti jau po 150 met\u0173.[\/vc_column_text][\/vc_accordion_tab][vc_accordion_tab gutter_size=&#8221;2&#8243; column_padding=&#8221;2&#8243; title=&#8221;Kiek kainuoja kriokonservavimo paslauga?&#8221; tab_id=&#8221;1707680630789-4-3&#8243;][vc_column_text uncode_shortcode_id=&#8221;148458&#8243;]Viso k\u016bno kriokonservavimas kainuoja 350 000 EUR, tik smegen\u0173 kriokonservavimas kainuoja 90 000 EUR, o gyv\u016bno kriokonservavimo kaina siekia apie 120 000 EUR (priklausomai nuo gyv\u016bno dyd\u017eio kaina gali skirtis). [\/vc_column_text][\/vc_accordion_tab][vc_accordion_tab gutter_size=&#8221;2&#8243; column_padding=&#8221;2&#8243; title=&#8221;Kas \u012feina \u012f kriokonservavimo kain\u0105?&#8221; tab_id=&#8221;1707680683783-5-5&#8243;][vc_column_text uncode_shortcode_id=&#8221;193167&#8243;]\u012e kriokonservavimo kain\u0105 \u012feina asmeninio sveikatos vadybininko\/asistento paslauga iki kriokonservavimo momento, kuri\u0105 vadybininkas\/asistentas teiks nuotoliniu b\u016bdu, taip pat atvykimas \u012f mirties viet\u0105 ir kriokonservavimo proced\u016bros vykdymas, k\u016bno gabenimas \u012f ReCryo laboratorij\u0105 ir saugojimas joje iki mokslas i\u0161ras galimyb\u0119 atgaivinti kriokonservuot\u0105 asmen\u012f\/gyv\u016bn\u0105 ir\/ar nuskaityti smegen\u0173 informacij\u0105. [\/vc_column_text][\/vc_accordion_tab][vc_accordion_tab gutter_size=&#8221;2&#8243; column_padding=&#8221;2&#8243; title=&#8221;Kod\u0117l neturite naryst\u0117s program\u0173?&#8221; tab_id=&#8221;1707680751087-6-0&#8243;][vc_column_text uncode_shortcode_id=&#8221;210309&#8243;]ReCryo koncentruojasi \u012f klientus, kurie sudaro sutart\u012f su tikslu b\u016bti kriokonservuotais ir po sutarties pasira\u0161ymo ReCryo pradeda teikti itin vertingas asmeninio sveikatos asistento paslaugas, kuri\u0173 tikslas yra kiek \u012fmanoma labiau prailginti \u017emogaus gyvenim\u0105 prie \u0161iandienini\u0173 gyvenimo s\u0105lyg\u0173, mokslo \u017eini\u0173. Mes esame suinteresuoti m\u016bs\u0173 klient\u0173 sveiku ir ilgaam\u017eiu gyvenimu. Toks veiklos modelis leid\u017eia klientui b\u016bti tikram, jog jis tikrai bus kriokonservuotas nepriklausomai nuo jo artim\u0173j\u0173 noro\/nenoro skirti l\u0117\u0161as \u0161iam tikslui.<\/p>\n<p>Jei asmuo nori b\u016bti kriokonservuotas po mirties, ta\u010diau \u0161iuo metu neturi tam finansini\u0173 galimybi\u0173 &#8211; si\u016blome m\u016bs\u0173 draudimo partneri\u0173 paslaugas, kuri\u0173 metu asmens gyvyb\u0117 yra apdraud\u017eiama 350 000 EUR ir \u0161iuo atveju ReCryo yra tikri, jog kriokonservavimo paslauga bus apmok\u0117ta draudimo l\u0117\u0161omis.<br \/>\n[\/vc_column_text][\/vc_accordion_tab][vc_accordion_tab gutter_size=&#8221;2&#8243; column_padding=&#8221;2&#8243; title=&#8221;Koks bus mano statusas kai a\u0161 b\u016bsiu atgaivintas?&#8221; tab_id=&#8221;1707680784485-7-9&#8243;][vc_column_text uncode_shortcode_id=&#8221;118127&#8243;]\u0160iuo metu tokia situacija n\u0117ra reglamentuota, ta\u010diau ReCryo komanda inicijuos Europos S\u0105jungoje ir \u0160veicarijoje diskusijas d\u0117l toki\u0173 asmen\u0173 statuso juos kriokonservavus ir d\u0117l j\u0173 statuso\/pilietyb\u0117s kuomet jie bus atgaivinti. Nors \u0161iandien \u0161is klausimas n\u0117ra reglamentuotas, ta\u010diau neabejojame, jog sutarti su \u012fstatym\u0173 leid\u0117jais d\u0117l reglamentavimo ir s\u0105lyg\u0173 tokiems asmenims bus nesud\u0117tinga t.y. tai bus padaryta dar iki atgaivinant pirm\u0105j\u012f \u017emog\u0173.[\/vc_column_text][\/vc_accordion_tab][vc_accordion_tab gutter_size=&#8221;2&#8243; column_padding=&#8221;2&#8243; title=&#8221;Ar galiu pasilikti turto savo vardu, jog kai b\u016bsiu atgaivintas, gal\u0117\u010diau toliau juo disponuoti?&#8221; tab_id=&#8221;1707680823925-8-8&#8243;][vc_column_text uncode_shortcode_id=&#8221;177952&#8243;]<span style=\"font-weight: 400;\">Kadangi kriokonservuot\u0173 asmen\u0173 statusas \u0161iuo metu n\u0117ra reglamentuotas ir jie yra laikomi &#8222;mirusiais&#8221;, galimybi\u0173 pasilikti turt\u0105 savo vardu n\u0117ra. Kai valstyb\u0117s reglamentuos \u0161i\u0173 asmen\u0173 status\u0105 kuomet jie yra kriokonservuoti bei nustatys j\u0173 status\u0105, kuomet jie bus atgaivinti, tada \u0161io statuso pagrindu gal\u0117site i\u0161saugoti turt\u0105 savo vardu, ta\u010diau net ir tokiu atveju mes nerekomenduosime to daryti, nes pra\u0117jus 100 ar daugiau met\u0173 pa\u010dio turto s\u0105voka gali b\u016bti pasikeitus, pasaulis gali vertinti tam tikrus naujus dalykus, ta\u010diau nebevertinti turto klasi\u0173, kurios \u0161iuo metu mums atrodo saugios. Rekomenduojame turt\u0105 palikti artimiesiems susitariant, jog jie j\u012f i\u0161saugos Jums. <\/span>[\/vc_column_text][\/vc_accordion_tab][vc_accordion_tab gutter_size=&#8221;2&#8243; column_padding=&#8221;2&#8243; title=&#8221;Ar galiu tik\u0117tis gauti teis\u0119 \u012f \u0160veicarijos pilietyb\u0119, jei b\u016bsiu kriokonservuotas ir atgaivintas ReCryo laboratorijoje, esan\u010dioje \u0160veicarijoje?&#8221; tab_id=&#8221;1707680896688-9-5&#8243;][vc_column_text uncode_shortcode_id=&#8221;101082&#8243;]Tiek kriokonservuot\u0173, tiek ateityje atgaivint\u0173 asmen\u0173 statusas \u0161iuo metu n\u0117ra reglamentuotas. Mes sieksime, kad tokie asmenys b\u016bt\u0173 laikomi kaip tie patys asmenys, kurie buvo iki kriokonservavimo t.y. kad tokie asmenys tur\u0117t\u0173 tas pa\u010dias teises, kurias tur\u0117jo ir anks\u010diau, ta\u010diau \u017einant \u0160veicarijos visuomen\u0117s itin palank\u0173 po\u017ei\u016br\u012f \u012f moksl\u0105 ir i\u0161radimus ,ypa\u010d sveikatos srityje, manome, jog pa\u010diame reglamentavime bus atsakyta ir \u012f \u0161\u012f klausim\u0105.<\/p>\n<p>Beje, J\u016bs b\u016bsite atgaivintas ne b\u016btinai \u0160veicarijoje esan\u010dioje ReCryo laboratorijoje. Pati atgaivinimo proced\u016bra \u0161iuo metu n\u0117ra ai\u0161ki ir \u017einoma, ta\u010diau jei atgaivinimo galimyb\u0117 bus i\u0161rasta kitoje valstyb\u0117je, kitame \u017eemyne ir atliekama b\u016btent ten, ReCryo pasir\u016bpins savo klient\u0173 gabenimu b\u016btent ten, siekiant kuo grei\u010diau ir v\u0117l susitikti su savo klientais.<br \/>\n[\/vc_column_text][\/vc_accordion_tab][vc_accordion_tab gutter_size=&#8221;2&#8243; column_padding=&#8221;2&#8243; title=&#8221;Ar galiu b\u016bti kriokonservuotas savo \u0161alyje?&#8221; tab_id=&#8221;1707680931655-10-9&#8243;][vc_column_text uncode_shortcode_id=&#8221;468254&#8243;]D\u0117l tokios galimyb\u0117s pra\u0161ome susisiekti su m\u016bs\u0173 pardavimo atstovais ir mes aptarsime su Jumis galimybes kriokonservuoti Jus ne ReCryo laboratorijoje.[\/vc_column_text][\/vc_accordion_tab][vc_accordion_tab gutter_size=&#8221;2&#8243; column_padding=&#8221;2&#8243; title=&#8221;Ar ReCryo dirba ties moksliniais i\u0161radimais, kurie leist\u0173 atgaivinti \u017emog\u0173 po kriokonservavimo?&#8221; tab_id=&#8221;1707680972298-11-8&#8243;][vc_column_text uncode_shortcode_id=&#8221;295668&#8243;]ReCryo u\u017esiima klient\u0173 kriokonservavimu ir pagrindin\u0117 ReCryo u\u017eduotis yra tinkamai ir kokybi\u0161kai kriokonservuoti klientus, kad ateityje jie gal\u0117t\u0173 b\u016bti atgaivinti.<\/p>\n<p>Ta\u010diau ReCryo supranta, jog pats kriokonservavimas n\u0117ra savaiminis tikslas ir vis\u0173 tikslas yra ateityje b\u016bti atgaivintiems, tod\u0117l ReCryo \u012fsteig\u0117 nelie\u010diam\u0105j\u012f investicin\u012f fond\u0105 &#8222;ReCryo Foundation&#8221;, kurio tikslas yra investuoti kapital\u0105 \u012f skirtingas turto klases, o investicij\u0173 gr\u0105\u017e\u0105 skirti mokslininkams, kurie dirba ties mokslu ir i\u0161radimais, susijusiais su galimyb\u0117mis ateityje atgaivinti kriokonservuotus \u017emones. Tikim\u0117s, jog \u0161is m\u016bs\u0173 ind\u0117lis bus reik\u0161mingas ir duos rezultat\u0105.<\/p>\n<p>[\/vc_column_text][\/vc_accordion_tab][vc_accordion_tab gutter_size=&#8221;2&#8243; column_padding=&#8221;2&#8243; title=&#8221;Ar \u017emogaus kriokonservavimas yra legalu?&#8221; tab_id=&#8221;1707681002795-12-7&#8243;][vc_column_text uncode_shortcode_id=&#8221;993856&#8243;]Taip, Europos s\u0105jungos ir \u0160veicarijos teritorijoje tai yra legalu.[\/vc_column_text][\/vc_accordion_tab][vc_accordion_tab gutter_size=&#8221;2&#8243; column_padding=&#8221;2&#8243; title=&#8221;Ar gali b\u016bti atliktas kriokonservavimas dar esant gyvam?&#8221; tab_id=&#8221;1707681039642-13-7&#8243;][vc_column_text uncode_shortcode_id=&#8221;194047&#8243;]Ne. Kriokonservavimas gali b\u016bti atliekamas tik asmenims po oficialios mirties. Vos patvirtinus mirt\u012f oficialiai yra pradedamas kriokonsrvavimo procesas. Iki tol kriokonservavimas n\u0117ra galimas. Pats atgaivinimas taip pat bus vyks tuo pa\u010diu i\u0161gydant ir mirties prie\u017east\u012f. [\/vc_column_text][\/vc_accordion_tab][vc_accordion_tab gutter_size=&#8221;2&#8243; column_padding=&#8221;2&#8243; title=&#8221;Ar atgaivinimas tikrai realus?&#8221; tab_id=&#8221;1707681096477-14-3&#8243;][vc_column_text uncode_shortcode_id=&#8221;138050&#8243;]\u0160iandien mirusi\u0173 asmen\u0173 atgaivinimas n\u0117ra i\u0161rastas, ta\u010diau n\u0117ra fundamentali\u0173 mokslini\u0173, biologini\u0173 prie\u017eas\u010di\u0173 ir motyv\u0173, kod\u0117l jis negal\u0117t\u0173 b\u016bti i\u0161rastas ateityje. Kad tai \u012fvykt\u0173 ateityje yra b\u016btina tinkamai u\u017e\u0161aldyti k\u016bn\u0105, kad b\u016bt\u0173 i\u0161saugotos visos l\u0105stel\u0117s, kurios ateityje leis k\u016bnui funkcionuoti taip, kaip ir prie\u0161 mirt\u012f. [\/vc_column_text][\/vc_accordion_tab][\/vc_accordion][\/vc_column][\/vc_row]<\/p>\n<\/div>","protected":false},"excerpt":{"rendered":"<p>[vc_row row_height_percent=&#8221;0&#8243; overlay_alpha=&#8221;50&#8243; gutter_size=&#8221;3&#8243; column_width_percent=&#8221;100&#8243; shift_y=&#8221;0&#8243; z_index=&#8221;0&#8243; uncode_shortcode_id=&#8221;111746&#8243; row_name=&#8221;duk&#8221;][vc_column column_width_percent=&#8221;100&#8243; gutter_size=&#8221;3&#8243; overlay_alpha=&#8221;50&#8243; shift_x=&#8221;0&#8243; shift_y=&#8221;0&#8243; shift_y_down=&#8221;0&#8243; z_index=&#8221;0&#8243; medium_width=&#8221;0&#8243; mobile_width=&#8221;0&#8243; css_animation=&#8221;top-t-bottom&#8221; width=&#8221;1\/1&#8243; [&hellip;]<\/p>\n","protected":false},"author":1,"featured_media":0,"parent":0,"menu_order":0,"comment_status":"closed","ping_status":"closed","template":"","meta":{"footnotes":""},"yoast_head":"<!-- This site is optimized with the Yoast SEO plugin v22.0 - https:\/\/yoast.com\/wordpress\/plugins\/seo\/ -->\n<title>D.U.K - ReCryo<\/title>\n<meta name=\"robots\" content=\"noindex, follow, max-snippet:-1, max-image-preview:large, max-video-preview:-1\" \/>\n<meta property=\"og:locale\" content=\"lt_LT\" \/>\n<meta property=\"og:type\" content=\"article\" \/>\n<meta property=\"og:title\" content=\"D.U.K - ReCryo\" \/>\n<meta property=\"og:description\" content=\"[vc_row row_height_percent=&#8221;0&#8243; overlay_alpha=&#8221;50&#8243; gutter_size=&#8221;3&#8243; column_width_percent=&#8221;100&#8243; shift_y=&#8221;0&#8243; z_index=&#8221;0&#8243; uncode_shortcode_id=&#8221;111746&#8243; row_name=&#8221;duk&#8221;][vc_column column_width_percent=&#8221;100&#8243; gutter_size=&#8221;3&#8243; overlay_alpha=&#8221;50&#8243; shift_x=&#8221;0&#8243; shift_y=&#8221;0&#8243; shift_y_down=&#8221;0&#8243; z_index=&#8221;0&#8243; medium_width=&#8221;0&#8243; mobile_width=&#8221;0&#8243; css_animation=&#8221;top-t-bottom&#8221; width=&#8221;1\/1&#8243; [&hellip;]\" \/>\n<meta property=\"og:url\" content=\"https:\/\/recryo.bio\/d-u-k\/\" \/>\n<meta property=\"og:site_name\" content=\"ReCryo\" \/>\n<meta property=\"article:modified_time\" content=\"2024-02-12T12:19:20+00:00\" \/>\n<meta name=\"twitter:card\" content=\"summary_large_image\" \/>\n<meta name=\"twitter:label1\" content=\"Est. reading time\" \/>\n\t<meta name=\"twitter:data1\" content=\"6 minut\u0117s\" \/>\n<script type=\"application\/ld+json\" class=\"yoast-schema-graph\">{\"@context\":\"https:\/\/schema.org\",\"@graph\":[{\"@type\":\"WebPage\",\"@id\":\"https:\/\/recryo.bio\/d-u-k\/\",\"url\":\"https:\/\/recryo.bio\/d-u-k\/\",\"name\":\"D.U.K - ReCryo\",\"isPartOf\":{\"@id\":\"https:\/\/recryo.bio\/#website\"},\"datePublished\":\"2024-02-11T19:29:05+00:00\",\"dateModified\":\"2024-02-12T12:19:20+00:00\",\"breadcrumb\":{\"@id\":\"https:\/\/recryo.bio\/d-u-k\/#breadcrumb\"},\"inLanguage\":\"lt-LT\",\"potentialAction\":[{\"@type\":\"ReadAction\",\"target\":[\"https:\/\/recryo.bio\/d-u-k\/\"]}]},{\"@type\":\"BreadcrumbList\",\"@id\":\"https:\/\/recryo.bio\/d-u-k\/#breadcrumb\",\"itemListElement\":[{\"@type\":\"ListItem\",\"position\":1,\"name\":\"Home\",\"item\":\"https:\/\/recryo.bio\/\"},{\"@type\":\"ListItem\",\"position\":2,\"name\":\"D.U.K\"}]},{\"@type\":\"WebSite\",\"@id\":\"https:\/\/recryo.bio\/#website\",\"url\":\"https:\/\/recryo.bio\/\",\"name\":\"ReCryo\",\"description\":\"ReCryo \u2013 mylintiems gyvenim\u0105!\",\"publisher\":{\"@id\":\"https:\/\/recryo.bio\/#organization\"},\"potentialAction\":[{\"@type\":\"SearchAction\",\"target\":{\"@type\":\"EntryPoint\",\"urlTemplate\":\"https:\/\/recryo.bio\/?s={search_term_string}\"},\"query-input\":\"required name=search_term_string\"}],\"inLanguage\":\"lt-LT\"},{\"@type\":\"Organization\",\"@id\":\"https:\/\/recryo.bio\/#organization\",\"name\":\"ReCryo\",\"url\":\"https:\/\/recryo.bio\/\",\"logo\":{\"@type\":\"ImageObject\",\"inLanguage\":\"lt-LT\",\"@id\":\"https:\/\/recryo.bio\/#\/schema\/logo\/image\/\",\"url\":\"https:\/\/recryo.bio\/wp-content\/uploads\/2024\/02\/recryo_dark.svg\",\"contentUrl\":\"https:\/\/recryo.bio\/wp-content\/uploads\/2024\/02\/recryo_dark.svg\",\"width\":1,\"height\":1,\"caption\":\"ReCryo\"},\"image\":{\"@id\":\"https:\/\/recryo.bio\/#\/schema\/logo\/image\/\"}}]}<\/script>\n<!-- \/ Yoast SEO plugin. -->","yoast_head_json":{"title":"D.U.K - ReCryo","robots":{"index":"noindex","follow":"follow","max-snippet":"max-snippet:-1","max-image-preview":"max-image-preview:large","max-video-preview":"max-video-preview:-1"},"og_locale":"lt_LT","og_type":"article","og_title":"D.U.K - ReCryo","og_description":"[vc_row row_height_percent=&#8221;0&#8243; overlay_alpha=&#8221;50&#8243; gutter_size=&#8221;3&#8243; column_width_percent=&#8221;100&#8243; shift_y=&#8221;0&#8243; z_index=&#8221;0&#8243; uncode_shortcode_id=&#8221;111746&#8243; row_name=&#8221;duk&#8221;][vc_column column_width_percent=&#8221;100&#8243; gutter_size=&#8221;3&#8243; overlay_alpha=&#8221;50&#8243; shift_x=&#8221;0&#8243; shift_y=&#8221;0&#8243; shift_y_down=&#8221;0&#8243; z_index=&#8221;0&#8243; medium_width=&#8221;0&#8243; mobile_width=&#8221;0&#8243; css_animation=&#8221;top-t-bottom&#8221; width=&#8221;1\/1&#8243; [&hellip;]","og_url":"https:\/\/recryo.bio\/d-u-k\/","og_site_name":"ReCryo","article_modified_time":"2024-02-12T12:19:20+00:00","twitter_card":"summary_large_image","twitter_misc":{"Est. reading time":"6 minut\u0117s"},"schema":{"@context":"https:\/\/schema.org","@graph":[{"@type":"WebPage","@id":"https:\/\/recryo.bio\/d-u-k\/","url":"https:\/\/recryo.bio\/d-u-k\/","name":"D.U.K - ReCryo","isPartOf":{"@id":"https:\/\/recryo.bio\/#website"},"datePublished":"2024-02-11T19:29:05+00:00","dateModified":"2024-02-12T12:19:20+00:00","breadcrumb":{"@id":"https:\/\/recryo.bio\/d-u-k\/#breadcrumb"},"inLanguage":"lt-LT","potentialAction":[{"@type":"ReadAction","target":["https:\/\/recryo.bio\/d-u-k\/"]}]},{"@type":"BreadcrumbList","@id":"https:\/\/recryo.bio\/d-u-k\/#breadcrumb","itemListElement":[{"@type":"ListItem","position":1,"name":"Home","item":"https:\/\/recryo.bio\/"},{"@type":"ListItem","position":2,"name":"D.U.K"}]},{"@type":"WebSite","@id":"https:\/\/recryo.bio\/#website","url":"https:\/\/recryo.bio\/","name":"ReCryo","description":"ReCryo \u2013 mylintiems gyvenim\u0105!","publisher":{"@id":"https:\/\/recryo.bio\/#organization"},"potentialAction":[{"@type":"SearchAction","target":{"@type":"EntryPoint","urlTemplate":"https:\/\/recryo.bio\/?s={search_term_string}"},"query-input":"required name=search_term_string"}],"inLanguage":"lt-LT"},{"@type":"Organization","@id":"https:\/\/recryo.bio\/#organization","name":"ReCryo","url":"https:\/\/recryo.bio\/","logo":{"@type":"ImageObject","inLanguage":"lt-LT","@id":"https:\/\/recryo.bio\/#\/schema\/logo\/image\/","url":"https:\/\/recryo.bio\/wp-content\/uploads\/2024\/02\/recryo_dark.svg","contentUrl":"https:\/\/recryo.bio\/wp-content\/uploads\/2024\/02\/recryo_dark.svg","width":1,"height":1,"caption":"ReCryo"},"image":{"@id":"https:\/\/recryo.bio\/#\/schema\/logo\/image\/"}}]}},"_links":{"self":[{"href":"https:\/\/recryo.bio\/lt\/wp-json\/wp\/v2\/pages\/137"}],"collection":[{"href":"https:\/\/recryo.bio\/lt\/wp-json\/wp\/v2\/pages"}],"about":[{"href":"https:\/\/recryo.bio\/lt\/wp-json\/wp\/v2\/types\/page"}],"author":[{"embeddable":true,"href":"https:\/\/recryo.bio\/lt\/wp-json\/wp\/v2\/users\/1"}],"replies":[{"embeddable":true,"href":"https:\/\/recryo.bio\/lt\/wp-json\/wp\/v2\/comments?post=137"}],"version-history":[{"count":5,"href":"https:\/\/recryo.bio\/lt\/wp-json\/wp\/v2\/pages\/137\/revisions"}],"predecessor-version":[{"id":225,"href":"https:\/\/recryo.bio\/lt\/wp-json\/wp\/v2\/pages\/137\/revisions\/225"}],"wp:attachment":[{"href":"https:\/\/recryo.bio\/lt\/wp-json\/wp\/v2\/media?parent=137"}],"curies":[{"name":"wp","href":"https:\/\/api.w.org\/{rel}","templated":true}]}}